{"id":84,"date":"2025-08-25T09:11:59","date_gmt":"2025-08-25T07:11:59","guid":{"rendered":"https:\/\/lucid-ritchie.217-71-207-226.plesk.page\/?page_id=84"},"modified":"2025-08-25T09:18:41","modified_gmt":"2025-08-25T07:18:41","slug":"accesibilidad","status":"publish","type":"page","link":"https:\/\/lucid-ritchie.217-71-207-226.plesk.page\/?page_id=84","title":{"rendered":"Accesibilidad"},"content":{"rendered":"\t\t<div data-elementor-type=\"wp-page\" data-elementor-id=\"84\" class=\"elementor elementor-84\" data-elementor-post-type=\"page\">\n\t\t\t\t<div class=\"elementor-element elementor-element-bad2495 e-flex e-con-boxed e-con e-parent\" data-id=\"bad2495\" data-element_type=\"container\">\n\t\t\t\t\t<div class=\"e-con-inner\">\n\t\t\t\t<div class=\"elementor-element elementor-element-21b93ef elementor-widget elementor-widget-heading\" data-id=\"21b93ef\" data-element_type=\"widget\" data-widget_type=\"heading.default\">\n\t\t\t\t\t<h2 class=\"elementor-heading-title elementor-size-default\">Accesibilidad<\/h2>\t\t\t\t<\/div>\n\t\t\t\t<div class=\"elementor-element elementor-element-fa8ab6c elementor-widget elementor-widget-text-editor\" data-id=\"fa8ab6c\" data-element_type=\"widget\" data-widget_type=\"text-editor.default\">\n\t\t\t\t\t\t\t\t\t<p>MGB SISTEMAS DE PLACAS S.L.U. se compromete en hacer accesible su sitio web de conformidad con el Real Decreto 1112\/2018, sobre accesibilidad de los sitios webs y aplicaciones para dispositivos m\u00f3viles del sector p\u00fablico.<\/p><p>La presente declaraci\u00f3n de accesibilidad se aplica al sitio web www.mgbinteriores.es a fecha 20\/05\/2025<\/p><p>Situaci\u00f3n de cumplimiento<\/p><p>Este sitio web es parcialmente conforme con el RD 1112\/2018 debido a las excepciones y a la falta de conformidad de los aspectos que se indican en el siguiente punto.<\/p><p>Contenido no accesible<\/p><p>El contenido que se recoge a continuaci\u00f3n no es accesible por lo siguiente: Falta de conformidad con el RD 1112\/2018 Podr\u00edan existir documentos ofim\u00e1ticos en PDF y otros formatos publicados posteriormente al 20 de septiembre de 2018 que no cumplan en su totalidad los requisitos de accesibilidad. Se pueden solicitar los documentos completamente accesibles desde el formulario de contacto para formalizar quejas y consultas.<\/p><p>Contenido adicional:<\/p><p>En esta web se han adoptado una serie de medidas cuyo objetivo es mejorar la accesibilidad. Las ventajas que esto conlleva son, entre otras:<\/p><p>1. Facilitar el acceso de las personas independientemente de su condici\u00f3n f\u00edsica o de su entorno mediante un componente que permite ampliar y disminuir la fuente, invertir colores, controlar la separaci\u00f3n entre l\u00edneas, entre otras funciones disponibles en los navegadores.<\/p><p>2. Incluir contenidos claros y bien estructurados.<\/p><p>3. Mejorar la navegaci\u00f3n y la experiencia del usuario.<\/p>\t\t\t\t\t\t\t\t<\/div>\n\t\t\t\t\t<\/div>\n\t\t\t\t<\/div>\n\t\t\t\t<\/div>\n\t\t","protected":false},"excerpt":{"rendered":"<p>Accesibilidad MGB SISTEMAS DE PLACAS S.L.U. se compromete en hacer accesible su sitio web de conformidad con el Real Decreto 1112\/2018, sobre accesibilidad de los sitios webs y aplicaciones para dispositivos m\u00f3viles del sector p\u00fablico. La presente declaraci\u00f3n de accesibilidad se aplica al sitio web www.mgbinteriores.es a fecha 20\/05\/2025 Situaci\u00f3n de cumplimiento Este sitio web [&hellip;]<\/p>\n","protected":false},"author":1,"featured_media":0,"parent":0,"menu_order":0,"comment_status":"closed","ping_status":"closed","template":"elementor_header_footer","meta":{"footnotes":""},"class_list":["post-84","page","type-page","status-publish","hentry"],"yoast_head":"<!-- This site is optimized with the Yoast SEO plugin v25.7 - https:\/\/yoast.com\/wordpress\/plugins\/seo\/ -->\n<title>Accesibilidad - MGB Interiores<\/title>\n<meta name=\"robots\" content=\"index, follow, max-snippet:-1, max-image-preview:large, max-video-preview:-1\" \/>\n<link rel=\"canonical\" href=\"https:\/\/lucid-ritchie.217-71-207-226.plesk.page\/?page_id=84\" \/>\n<meta property=\"og:locale\" content=\"es_ES\" \/>\n<meta property=\"og:type\" content=\"article\" \/>\n<meta property=\"og:title\" content=\"Accesibilidad - MGB Interiores\" \/>\n<meta property=\"og:description\" content=\"Accesibilidad MGB SISTEMAS DE PLACAS S.L.U. se compromete en hacer accesible su sitio web de conformidad con el Real Decreto 1112\/2018, sobre accesibilidad de los sitios webs y aplicaciones para dispositivos m\u00f3viles del sector p\u00fablico. La presente declaraci\u00f3n de accesibilidad se aplica al sitio web www.mgbinteriores.es a fecha 20\/05\/2025 Situaci\u00f3n de cumplimiento Este sitio web [&hellip;]\" \/>\n<meta property=\"og:url\" content=\"https:\/\/lucid-ritchie.217-71-207-226.plesk.page\/?page_id=84\" \/>\n<meta property=\"og:site_name\" content=\"MGB Interiores\" \/>\n<meta property=\"article:modified_time\" content=\"2025-08-25T07:18:41+00:00\" \/>\n<meta name=\"twitter:card\" content=\"summary_large_image\" \/>\n<meta name=\"twitter:label1\" content=\"Tiempo de lectura\" \/>\n\t<meta name=\"twitter:data1\" content=\"2 minutos\" \/>\n<script type=\"application\/ld+json\" class=\"yoast-schema-graph\">{\"@context\":\"https:\/\/schema.org\",\"@graph\":[{\"@type\":\"WebPage\",\"@id\":\"https:\/\/lucid-ritchie.217-71-207-226.plesk.page\/?page_id=84\",\"url\":\"https:\/\/lucid-ritchie.217-71-207-226.plesk.page\/?page_id=84\",\"name\":\"Accesibilidad - MGB Interiores\",\"isPartOf\":{\"@id\":\"https:\/\/lucid-ritchie.217-71-207-226.plesk.page\/#website\"},\"datePublished\":\"2025-08-25T07:11:59+00:00\",\"dateModified\":\"2025-08-25T07:18:41+00:00\",\"breadcrumb\":{\"@id\":\"https:\/\/lucid-ritchie.217-71-207-226.plesk.page\/?page_id=84#breadcrumb\"},\"inLanguage\":\"es\",\"potentialAction\":[{\"@type\":\"ReadAction\",\"target\":[\"https:\/\/lucid-ritchie.217-71-207-226.plesk.page\/?page_id=84\"]}]},{\"@type\":\"BreadcrumbList\",\"@id\":\"https:\/\/lucid-ritchie.217-71-207-226.plesk.page\/?page_id=84#breadcrumb\",\"itemListElement\":[{\"@type\":\"ListItem\",\"position\":1,\"name\":\"Portada\",\"item\":\"https:\/\/lucid-ritchie.217-71-207-226.plesk.page\/\"},{\"@type\":\"ListItem\",\"position\":2,\"name\":\"Accesibilidad\"}]},{\"@type\":\"WebSite\",\"@id\":\"https:\/\/lucid-ritchie.217-71-207-226.plesk.page\/#website\",\"url\":\"https:\/\/lucid-ritchie.217-71-207-226.plesk.page\/\",\"name\":\"MGB Interiores\",\"description\":\"Reformas en Aspe (Alicante)\",\"publisher\":{\"@id\":\"https:\/\/lucid-ritchie.217-71-207-226.plesk.page\/#organization\"},\"potentialAction\":[{\"@type\":\"SearchAction\",\"target\":{\"@type\":\"EntryPoint\",\"urlTemplate\":\"https:\/\/lucid-ritchie.217-71-207-226.plesk.page\/?s={search_term_string}\"},\"query-input\":{\"@type\":\"PropertyValueSpecification\",\"valueRequired\":true,\"valueName\":\"search_term_string\"}}],\"inLanguage\":\"es\"},{\"@type\":\"Organization\",\"@id\":\"https:\/\/lucid-ritchie.217-71-207-226.plesk.page\/#organization\",\"name\":\"MGB Interiores\",\"url\":\"https:\/\/lucid-ritchie.217-71-207-226.plesk.page\/\",\"logo\":{\"@type\":\"ImageObject\",\"inLanguage\":\"es\",\"@id\":\"https:\/\/lucid-ritchie.217-71-207-226.plesk.page\/#\/schema\/logo\/image\/\",\"url\":\"https:\/\/lucid-ritchie.217-71-207-226.plesk.page\/wp-content\/uploads\/2025\/08\/MGB-Interiores.webp\",\"contentUrl\":\"https:\/\/lucid-ritchie.217-71-207-226.plesk.page\/wp-content\/uploads\/2025\/08\/MGB-Interiores.webp\",\"width\":230,\"height\":95,\"caption\":\"MGB Interiores\"},\"image\":{\"@id\":\"https:\/\/lucid-ritchie.217-71-207-226.plesk.page\/#\/schema\/logo\/image\/\"}}]}<\/script>\n<!-- \/ Yoast SEO plugin. -->","yoast_head_json":{"title":"Accesibilidad - MGB Interiores","robots":{"index":"index","follow":"follow","max-snippet":"max-snippet:-1","max-image-preview":"max-image-preview:large","max-video-preview":"max-video-preview:-1"},"canonical":"https:\/\/lucid-ritchie.217-71-207-226.plesk.page\/?page_id=84","og_locale":"es_ES","og_type":"article","og_title":"Accesibilidad - MGB Interiores","og_description":"Accesibilidad MGB SISTEMAS DE PLACAS S.L.U. se compromete en hacer accesible su sitio web de conformidad con el Real Decreto 1112\/2018, sobre accesibilidad de los sitios webs y aplicaciones para dispositivos m\u00f3viles del sector p\u00fablico. La presente declaraci\u00f3n de accesibilidad se aplica al sitio web www.mgbinteriores.es a fecha 20\/05\/2025 Situaci\u00f3n de cumplimiento Este sitio web [&hellip;]","og_url":"https:\/\/lucid-ritchie.217-71-207-226.plesk.page\/?page_id=84","og_site_name":"MGB Interiores","article_modified_time":"2025-08-25T07:18:41+00:00","twitter_card":"summary_large_image","twitter_misc":{"Tiempo de lectura":"2 minutos"},"schema":{"@context":"https:\/\/schema.org","@graph":[{"@type":"WebPage","@id":"https:\/\/lucid-ritchie.217-71-207-226.plesk.page\/?page_id=84","url":"https:\/\/lucid-ritchie.217-71-207-226.plesk.page\/?page_id=84","name":"Accesibilidad - MGB Interiores","isPartOf":{"@id":"https:\/\/lucid-ritchie.217-71-207-226.plesk.page\/#website"},"datePublished":"2025-08-25T07:11:59+00:00","dateModified":"2025-08-25T07:18:41+00:00","breadcrumb":{"@id":"https:\/\/lucid-ritchie.217-71-207-226.plesk.page\/?page_id=84#breadcrumb"},"inLanguage":"es","potentialAction":[{"@type":"ReadAction","target":["https:\/\/lucid-ritchie.217-71-207-226.plesk.page\/?page_id=84"]}]},{"@type":"BreadcrumbList","@id":"https:\/\/lucid-ritchie.217-71-207-226.plesk.page\/?page_id=84#breadcrumb","itemListElement":[{"@type":"ListItem","position":1,"name":"Portada","item":"https:\/\/lucid-ritchie.217-71-207-226.plesk.page\/"},{"@type":"ListItem","position":2,"name":"Accesibilidad"}]},{"@type":"WebSite","@id":"https:\/\/lucid-ritchie.217-71-207-226.plesk.page\/#website","url":"https:\/\/lucid-ritchie.217-71-207-226.plesk.page\/","name":"MGB Interiores","description":"Reformas en Aspe (Alicante)","publisher":{"@id":"https:\/\/lucid-ritchie.217-71-207-226.plesk.page\/#organization"},"potentialAction":[{"@type":"SearchAction","target":{"@type":"EntryPoint","urlTemplate":"https:\/\/lucid-ritchie.217-71-207-226.plesk.page\/?s={search_term_string}"},"query-input":{"@type":"PropertyValueSpecification","valueRequired":true,"valueName":"search_term_string"}}],"inLanguage":"es"},{"@type":"Organization","@id":"https:\/\/lucid-ritchie.217-71-207-226.plesk.page\/#organization","name":"MGB Interiores","url":"https:\/\/lucid-ritchie.217-71-207-226.plesk.page\/","logo":{"@type":"ImageObject","inLanguage":"es","@id":"https:\/\/lucid-ritchie.217-71-207-226.plesk.page\/#\/schema\/logo\/image\/","url":"https:\/\/lucid-ritchie.217-71-207-226.plesk.page\/wp-content\/uploads\/2025\/08\/MGB-Interiores.webp","contentUrl":"https:\/\/lucid-ritchie.217-71-207-226.plesk.page\/wp-content\/uploads\/2025\/08\/MGB-Interiores.webp","width":230,"height":95,"caption":"MGB Interiores"},"image":{"@id":"https:\/\/lucid-ritchie.217-71-207-226.plesk.page\/#\/schema\/logo\/image\/"}}]}},"_links":{"self":[{"href":"https:\/\/lucid-ritchie.217-71-207-226.plesk.page\/index.php?rest_route=\/wp\/v2\/pages\/84","targetHints":{"allow":["GET"]}}],"collection":[{"href":"https:\/\/lucid-ritchie.217-71-207-226.plesk.page\/index.php?rest_route=\/wp\/v2\/pages"}],"about":[{"href":"https:\/\/lucid-ritchie.217-71-207-226.plesk.page\/index.php?rest_route=\/wp\/v2\/types\/page"}],"author":[{"embeddable":true,"href":"https:\/\/lucid-ritchie.217-71-207-226.plesk.page\/index.php?rest_route=\/wp\/v2\/users\/1"}],"replies":[{"embeddable":true,"href":"https:\/\/lucid-ritchie.217-71-207-226.plesk.page\/index.php?rest_route=%2Fwp%2Fv2%2Fcomments&post=84"}],"version-history":[{"count":7,"href":"https:\/\/lucid-ritchie.217-71-207-226.plesk.page\/index.php?rest_route=\/wp\/v2\/pages\/84\/revisions"}],"predecessor-version":[{"id":129,"href":"https:\/\/lucid-ritchie.217-71-207-226.plesk.page\/index.php?rest_route=\/wp\/v2\/pages\/84\/revisions\/129"}],"wp:attachment":[{"href":"https:\/\/lucid-ritchie.217-71-207-226.plesk.page\/index.php?rest_route=%2Fwp%2Fv2%2Fmedia&parent=84"}],"curies":[{"name":"wp","href":"https:\/\/api.w.org\/{rel}","templated":true}]}}