{"id":83,"date":"2025-08-25T09:09:02","date_gmt":"2025-08-25T07:09:02","guid":{"rendered":"https:\/\/lucid-ritchie.217-71-207-226.plesk.page\/?page_id=83"},"modified":"2025-08-25T09:14:54","modified_gmt":"2025-08-25T07:14:54","slug":"personalizar-cookies","status":"publish","type":"page","link":"https:\/\/lucid-ritchie.217-71-207-226.plesk.page\/?page_id=83","title":{"rendered":"Personalizar Cookies"},"content":{"rendered":"\t\t<div data-elementor-type=\"wp-page\" data-elementor-id=\"83\" class=\"elementor elementor-83\" data-elementor-post-type=\"page\">\n\t\t\t\t<div class=\"elementor-element elementor-element-addcacc e-flex e-con-boxed e-con e-parent\" data-id=\"addcacc\" data-element_type=\"container\">\n\t\t\t\t\t<div class=\"e-con-inner\">\n\t\t\t\t<div class=\"elementor-element elementor-element-b8794e7 elementor-widget elementor-widget-heading\" data-id=\"b8794e7\" data-element_type=\"widget\" data-widget_type=\"heading.default\">\n\t\t\t\t\t<h2 class=\"elementor-heading-title elementor-size-default\">Configuraci\u00f3n de cookies<\/h2>\t\t\t\t<\/div>\n\t\t\t\t<div class=\"elementor-element elementor-element-91a5c50 elementor-widget elementor-widget-shortcode\" data-id=\"91a5c50\" data-element_type=\"widget\" data-widget_type=\"shortcode.default\">\n\t\t\t\t\t\t\t<div class=\"elementor-shortcode\"> \n<div>\n      <div id=\"custom-cookies-eu-label\">\n          El sitio Web https:\/\/lucid-ritchie.217-71-207-226.plesk.page utiliza cookies propias y de terceros para su correcto funcionamiento y para fines anal\u00edticos. Al hacer clic en el bot\u00f3n Aceptar, acepta el uso de estas tecnolog\u00edas y el procesamiento de sus datos para estos prop\u00f3sitos.          \n\n      <\/div>\n\n      <div id=\"custom-cookies-eu-buttons\" class=\"cookies-eu-buttons\">\n        <button id=\"custom-cookies-eu-reject\" class=\"cookies-eu-reject\">Rechazar<\/button>\n        <button id=\"custom-cookies-eu-accept\" class=\"cookies-eu-accept\">ACEPTAR TODAS LAS COOKIES<\/button><\/div>\n      <\/div>\n\n<br\/>\n<p>\n\tPuedes cambiar tus preferencias de cookies en cualquier momento si vuelves a la p\u00e1gina de Personalizar cookies, a la que puedes acceder a trav\u00e9s del Aviso de cookies. \n<\/p>\n\n<h3>Cookies t\u00e9cnicas<\/h3>\n<p>\n\tSon aquellas que permiten a los usuarios registrados navegar a trav\u00e9s del sitio Web, del \u00e1rea restringida y a utilizar sus diferentes funciones, como por ejemplo, el sistema de comentarios o el buscador y no pueden ser desactivadas.\n<\/p>\n\n<div class=\"custom-cookies-option\">\n  <h3>Cookies de an\u00e1lisis o medici\u00f3n<\/h3>\n  <span>\n    <input type=\"radio\" name=\"cookies-analytics-option\" value=\"true\" class=\"custom-cookies-radio\" data-consent=\"ANLTCS\" id=\"custom-cookies-accept-analytics\" >\n    <label for=\"custom-cookies-accept-analytics\">Activar<\/label>\n    &nbsp;&nbsp;\n    <input type=\"radio\" name=\"cookies-analytics-option\" value=\"false\" class=\"custom-cookies-radio\" data-consent=\"ANLTCS\" id=\"custom-cookies-reject-analytics\" \n    checked>\n    <label for=\"custom-cookies-reject-analytics\">Desactivar<\/label>\n<\/span>\n<\/div>\n\n<p>\n\tSon aquellas que, bien tratadas por el sitio Web o por terceros, permiten cuantificar el n\u00famero de usuarios y as\u00ed realizar la medici\u00f3n y an\u00e1lisis estad\u00edstico de la utilizaci\u00f3n que hacen los usuarios del sitio Web. Para ello se analiza la navegaci\u00f3n que realizas en este sitio Web con el fin de mejorarlo.\n<\/p>\n\n\n.<\/div>\n\t\t\t\t\t\t<\/div>\n\t\t\t\t\t<\/div>\n\t\t\t\t<\/div>\n\t\t\t\t<\/div>\n\t\t","protected":false},"excerpt":{"rendered":"<p>Configuraci\u00f3n de cookies .<\/p>\n","protected":false},"author":1,"featured_media":0,"parent":0,"menu_order":0,"comment_status":"closed","ping_status":"closed","template":"elementor_header_footer","meta":{"footnotes":""},"class_list":["post-83","page","type-page","status-publish","hentry"],"yoast_head":"<!-- This site is optimized with the Yoast SEO plugin v25.7 - https:\/\/yoast.com\/wordpress\/plugins\/seo\/ -->\n<title>Personalizar Cookies - MGB Interiores<\/title>\n<meta name=\"robots\" content=\"index, follow, max-snippet:-1, max-image-preview:large, max-video-preview:-1\" \/>\n<link rel=\"canonical\" href=\"https:\/\/lucid-ritchie.217-71-207-226.plesk.page\/?page_id=83\" \/>\n<meta property=\"og:locale\" content=\"es_ES\" \/>\n<meta property=\"og:type\" content=\"article\" \/>\n<meta property=\"og:title\" content=\"Personalizar Cookies - MGB Interiores\" \/>\n<meta property=\"og:description\" content=\"Configuraci\u00f3n de cookies .\" \/>\n<meta property=\"og:url\" content=\"https:\/\/lucid-ritchie.217-71-207-226.plesk.page\/?page_id=83\" \/>\n<meta property=\"og:site_name\" content=\"MGB Interiores\" \/>\n<meta property=\"article:modified_time\" content=\"2025-08-25T07:14:54+00:00\" \/>\n<meta name=\"twitter:card\" content=\"summary_large_image\" \/>\n<meta name=\"twitter:label1\" content=\"Tiempo de lectura\" \/>\n\t<meta name=\"twitter:data1\" content=\"1 minuto\" \/>\n<script type=\"application\/ld+json\" class=\"yoast-schema-graph\">{\"@context\":\"https:\/\/schema.org\",\"@graph\":[{\"@type\":\"WebPage\",\"@id\":\"https:\/\/lucid-ritchie.217-71-207-226.plesk.page\/?page_id=83\",\"url\":\"https:\/\/lucid-ritchie.217-71-207-226.plesk.page\/?page_id=83\",\"name\":\"Personalizar Cookies - MGB Interiores\",\"isPartOf\":{\"@id\":\"https:\/\/lucid-ritchie.217-71-207-226.plesk.page\/#website\"},\"datePublished\":\"2025-08-25T07:09:02+00:00\",\"dateModified\":\"2025-08-25T07:14:54+00:00\",\"breadcrumb\":{\"@id\":\"https:\/\/lucid-ritchie.217-71-207-226.plesk.page\/?page_id=83#breadcrumb\"},\"inLanguage\":\"es\",\"potentialAction\":[{\"@type\":\"ReadAction\",\"target\":[\"https:\/\/lucid-ritchie.217-71-207-226.plesk.page\/?page_id=83\"]}]},{\"@type\":\"BreadcrumbList\",\"@id\":\"https:\/\/lucid-ritchie.217-71-207-226.plesk.page\/?page_id=83#breadcrumb\",\"itemListElement\":[{\"@type\":\"ListItem\",\"position\":1,\"name\":\"Portada\",\"item\":\"https:\/\/lucid-ritchie.217-71-207-226.plesk.page\/\"},{\"@type\":\"ListItem\",\"position\":2,\"name\":\"Personalizar Cookies\"}]},{\"@type\":\"WebSite\",\"@id\":\"https:\/\/lucid-ritchie.217-71-207-226.plesk.page\/#website\",\"url\":\"https:\/\/lucid-ritchie.217-71-207-226.plesk.page\/\",\"name\":\"MGB Interiores\",\"description\":\"Reformas en Aspe (Alicante)\",\"publisher\":{\"@id\":\"https:\/\/lucid-ritchie.217-71-207-226.plesk.page\/#organization\"},\"potentialAction\":[{\"@type\":\"SearchAction\",\"target\":{\"@type\":\"EntryPoint\",\"urlTemplate\":\"https:\/\/lucid-ritchie.217-71-207-226.plesk.page\/?s={search_term_string}\"},\"query-input\":{\"@type\":\"PropertyValueSpecification\",\"valueRequired\":true,\"valueName\":\"search_term_string\"}}],\"inLanguage\":\"es\"},{\"@type\":\"Organization\",\"@id\":\"https:\/\/lucid-ritchie.217-71-207-226.plesk.page\/#organization\",\"name\":\"MGB Interiores\",\"url\":\"https:\/\/lucid-ritchie.217-71-207-226.plesk.page\/\",\"logo\":{\"@type\":\"ImageObject\",\"inLanguage\":\"es\",\"@id\":\"https:\/\/lucid-ritchie.217-71-207-226.plesk.page\/#\/schema\/logo\/image\/\",\"url\":\"https:\/\/lucid-ritchie.217-71-207-226.plesk.page\/wp-content\/uploads\/2025\/08\/MGB-Interiores.webp\",\"contentUrl\":\"https:\/\/lucid-ritchie.217-71-207-226.plesk.page\/wp-content\/uploads\/2025\/08\/MGB-Interiores.webp\",\"width\":230,\"height\":95,\"caption\":\"MGB Interiores\"},\"image\":{\"@id\":\"https:\/\/lucid-ritchie.217-71-207-226.plesk.page\/#\/schema\/logo\/image\/\"}}]}<\/script>\n<!-- \/ Yoast SEO plugin. -->","yoast_head_json":{"title":"Personalizar Cookies - MGB Interiores","robots":{"index":"index","follow":"follow","max-snippet":"max-snippet:-1","max-image-preview":"max-image-preview:large","max-video-preview":"max-video-preview:-1"},"canonical":"https:\/\/lucid-ritchie.217-71-207-226.plesk.page\/?page_id=83","og_locale":"es_ES","og_type":"article","og_title":"Personalizar Cookies - MGB Interiores","og_description":"Configuraci\u00f3n de cookies .","og_url":"https:\/\/lucid-ritchie.217-71-207-226.plesk.page\/?page_id=83","og_site_name":"MGB Interiores","article_modified_time":"2025-08-25T07:14:54+00:00","twitter_card":"summary_large_image","twitter_misc":{"Tiempo de lectura":"1 minuto"},"schema":{"@context":"https:\/\/schema.org","@graph":[{"@type":"WebPage","@id":"https:\/\/lucid-ritchie.217-71-207-226.plesk.page\/?page_id=83","url":"https:\/\/lucid-ritchie.217-71-207-226.plesk.page\/?page_id=83","name":"Personalizar Cookies - MGB Interiores","isPartOf":{"@id":"https:\/\/lucid-ritchie.217-71-207-226.plesk.page\/#website"},"datePublished":"2025-08-25T07:09:02+00:00","dateModified":"2025-08-25T07:14:54+00:00","breadcrumb":{"@id":"https:\/\/lucid-ritchie.217-71-207-226.plesk.page\/?page_id=83#breadcrumb"},"inLanguage":"es","potentialAction":[{"@type":"ReadAction","target":["https:\/\/lucid-ritchie.217-71-207-226.plesk.page\/?page_id=83"]}]},{"@type":"BreadcrumbList","@id":"https:\/\/lucid-ritchie.217-71-207-226.plesk.page\/?page_id=83#breadcrumb","itemListElement":[{"@type":"ListItem","position":1,"name":"Portada","item":"https:\/\/lucid-ritchie.217-71-207-226.plesk.page\/"},{"@type":"ListItem","position":2,"name":"Personalizar Cookies"}]},{"@type":"WebSite","@id":"https:\/\/lucid-ritchie.217-71-207-226.plesk.page\/#website","url":"https:\/\/lucid-ritchie.217-71-207-226.plesk.page\/","name":"MGB Interiores","description":"Reformas en Aspe (Alicante)","publisher":{"@id":"https:\/\/lucid-ritchie.217-71-207-226.plesk.page\/#organization"},"potentialAction":[{"@type":"SearchAction","target":{"@type":"EntryPoint","urlTemplate":"https:\/\/lucid-ritchie.217-71-207-226.plesk.page\/?s={search_term_string}"},"query-input":{"@type":"PropertyValueSpecification","valueRequired":true,"valueName":"search_term_string"}}],"inLanguage":"es"},{"@type":"Organization","@id":"https:\/\/lucid-ritchie.217-71-207-226.plesk.page\/#organization","name":"MGB Interiores","url":"https:\/\/lucid-ritchie.217-71-207-226.plesk.page\/","logo":{"@type":"ImageObject","inLanguage":"es","@id":"https:\/\/lucid-ritchie.217-71-207-226.plesk.page\/#\/schema\/logo\/image\/","url":"https:\/\/lucid-ritchie.217-71-207-226.plesk.page\/wp-content\/uploads\/2025\/08\/MGB-Interiores.webp","contentUrl":"https:\/\/lucid-ritchie.217-71-207-226.plesk.page\/wp-content\/uploads\/2025\/08\/MGB-Interiores.webp","width":230,"height":95,"caption":"MGB Interiores"},"image":{"@id":"https:\/\/lucid-ritchie.217-71-207-226.plesk.page\/#\/schema\/logo\/image\/"}}]}},"_links":{"self":[{"href":"https:\/\/lucid-ritchie.217-71-207-226.plesk.page\/index.php?rest_route=\/wp\/v2\/pages\/83","targetHints":{"allow":["GET"]}}],"collection":[{"href":"https:\/\/lucid-ritchie.217-71-207-226.plesk.page\/index.php?rest_route=\/wp\/v2\/pages"}],"about":[{"href":"https:\/\/lucid-ritchie.217-71-207-226.plesk.page\/index.php?rest_route=\/wp\/v2\/types\/page"}],"author":[{"embeddable":true,"href":"https:\/\/lucid-ritchie.217-71-207-226.plesk.page\/index.php?rest_route=\/wp\/v2\/users\/1"}],"replies":[{"embeddable":true,"href":"https:\/\/lucid-ritchie.217-71-207-226.plesk.page\/index.php?rest_route=%2Fwp%2Fv2%2Fcomments&post=83"}],"version-history":[{"count":6,"href":"https:\/\/lucid-ritchie.217-71-207-226.plesk.page\/index.php?rest_route=\/wp\/v2\/pages\/83\/revisions"}],"predecessor-version":[{"id":110,"href":"https:\/\/lucid-ritchie.217-71-207-226.plesk.page\/index.php?rest_route=\/wp\/v2\/pages\/83\/revisions\/110"}],"wp:attachment":[{"href":"https:\/\/lucid-ritchie.217-71-207-226.plesk.page\/index.php?rest_route=%2Fwp%2Fv2%2Fmedia&parent=83"}],"curies":[{"name":"wp","href":"https:\/\/api.w.org\/{rel}","templated":true}]}}