{"id":23,"date":"2025-08-24T08:39:25","date_gmt":"2025-08-24T08:39:25","guid":{"rendered":"https:\/\/lucid-ritchie.217-71-207-226.plesk.page\/?page_id=23"},"modified":"2025-08-25T11:23:16","modified_gmt":"2025-08-25T09:23:16","slug":"contacto","status":"publish","type":"page","link":"https:\/\/lucid-ritchie.217-71-207-226.plesk.page\/?page_id=23","title":{"rendered":"Contacto"},"content":{"rendered":"\t\t<div data-elementor-type=\"wp-page\" data-elementor-id=\"23\" class=\"elementor elementor-23\" data-elementor-post-type=\"page\">\n\t\t\t\t<header class=\"elementor-element elementor-element-586b6ec2 e-con-full e-flex e-con e-parent\" data-id=\"586b6ec2\" data-element_type=\"container\" data-settings=\"{&quot;background_background&quot;:&quot;classic&quot;}\">\n\t\t\t\t<\/header>\n\t\t<div class=\"elementor-element elementor-element-5aa24862 e-con-full e-flex e-con e-parent\" data-id=\"5aa24862\" data-element_type=\"container\">\n\t\t<div class=\"elementor-element elementor-element-261877e7 e-con-full e-flex e-con e-child\" data-id=\"261877e7\" data-element_type=\"container\" data-settings=\"{&quot;background_background&quot;:&quot;classic&quot;}\">\n\t\t<div class=\"elementor-element elementor-element-63b0377d e-flex e-con-boxed e-con e-child\" data-id=\"63b0377d\" data-element_type=\"container\">\n\t\t\t\t\t<div class=\"e-con-inner\">\n\t\t\t\t<div class=\"elementor-element elementor-element-c2666ff elementor-widget elementor-widget-heading\" data-id=\"c2666ff\" data-element_type=\"widget\" data-widget_type=\"heading.default\">\n\t\t\t\t\t<h1 class=\"elementor-heading-title elementor-size-default\">Cont\u00e1ctanos<\/h1>\t\t\t\t<\/div>\n\t\t\t\t<div class=\"elementor-element elementor-element-17a023dc elementor-widget elementor-widget-text-editor\" data-id=\"17a023dc\" data-element_type=\"widget\" data-widget_type=\"text-editor.default\">\n\t\t\t\t\t\t\t\t\t<p>Realiza tu consulta sobre cualquier cosa relacionada con nuestros servicios. \u00a0<br \/>Le responderemos a la mayor brevedad posible.\u00a0<\/p>\t\t\t\t\t\t\t\t<\/div>\n\t\t\t\t\t<\/div>\n\t\t\t\t<\/div>\n\t\t<div class=\"elementor-element elementor-element-51d679f3 e-flex e-con-boxed e-con e-child\" data-id=\"51d679f3\" data-element_type=\"container\">\n\t\t\t\t\t<div class=\"e-con-inner\">\n\t\t<div class=\"elementor-element elementor-element-7404adec e-flex e-con-boxed e-con e-child\" data-id=\"7404adec\" data-element_type=\"container\">\n\t\t\t\t\t<div class=\"e-con-inner\">\n\t\t\t\t<div class=\"elementor-element elementor-element-4e7cf603 elementor-widget elementor-widget-heading\" data-id=\"4e7cf603\" data-element_type=\"widget\" data-widget_type=\"heading.default\">\n\t\t\t\t\t<h4 class=\"elementor-heading-title elementor-size-default\">Ponte en contacto con nosotros<\/h4>\t\t\t\t<\/div>\n\t\t\t\t<div class=\"elementor-element elementor-element-7f9dcc24 elementor-align-left elementor-icon-list--layout-traditional elementor-list-item-link-full_width elementor-widget elementor-widget-icon-list\" data-id=\"7f9dcc24\" data-element_type=\"widget\" data-widget_type=\"icon-list.default\">\n\t\t\t\t\t\t\t<ul class=\"elementor-icon-list-items\">\n\t\t\t\t\t\t\t<li class=\"elementor-icon-list-item\">\n\t\t\t\t\t\t\t\t\t\t<span class=\"elementor-icon-list-text\">03680 Aspe, Alicante - Espa\u00f1a<\/span>\n\t\t\t\t\t\t\t\t\t<\/li>\n\t\t\t\t\t\t\t\t<li class=\"elementor-icon-list-item\">\n\t\t\t\t\t\t\t\t\t\t<span class=\"elementor-icon-list-text\">mgb@mgbinteriores.com<\/span>\n\t\t\t\t\t\t\t\t\t<\/li>\n\t\t\t\t\t\t\t\t<li class=\"elementor-icon-list-item\">\n\t\t\t\t\t\t\t\t\t\t<span class=\"elementor-icon-list-text\">+34 661 42 83 10<\/span>\n\t\t\t\t\t\t\t\t\t<\/li>\n\t\t\t\t\t\t<\/ul>\n\t\t\t\t\t\t<\/div>\n\t\t\t\t\t<\/div>\n\t\t\t\t<\/div>\n\t\t\t\t\t<\/div>\n\t\t\t\t<\/div>\n\t\t\t\t<\/div>\n\t\t<div class=\"elementor-element elementor-element-7857830f e-con-full e-flex e-con e-child\" data-id=\"7857830f\" data-element_type=\"container\" data-settings=\"{&quot;background_background&quot;:&quot;classic&quot;}\">\n\t\t\t\t<div class=\"elementor-element elementor-element-b642177 elementor-widget elementor-widget-image\" data-id=\"b642177\" data-element_type=\"widget\" data-widget_type=\"image.default\">\n\t\t\t\t\t\t\t\t\t\t\t\t\t\t\t<img decoding=\"async\" width=\"230\" height=\"95\" src=\"https:\/\/lucid-ritchie.217-71-207-226.plesk.page\/wp-content\/uploads\/2025\/08\/MGB-Interiores.webp\" class=\"attachment-large size-large wp-image-11\" alt=\"MGB Interiores\" \/>\t\t\t\t\t\t\t\t\t\t\t\t\t\t\t<\/div>\n\t\t\t\t<div class=\"elementor-element elementor-element-1894b48 elementor-button-align-center elementor-widget__width-initial elementor-widget elementor-widget-form\" data-id=\"1894b48\" data-element_type=\"widget\" data-settings=\"{&quot;step_next_label&quot;:&quot;Next&quot;,&quot;step_previous_label&quot;:&quot;Previous&quot;,&quot;button_width_tablet&quot;:&quot;100&quot;,&quot;button_width&quot;:&quot;100&quot;,&quot;step_type&quot;:&quot;number_text&quot;,&quot;step_icon_shape&quot;:&quot;circle&quot;}\" data-widget_type=\"form.default\">\n\t\t\t\t<div class=\"elementor-widget-container\">\n\t\t\t\t\t\t\t<form class=\"elementor-form\" method=\"post\" name=\"Contact Form\">\n\t\t\t<input type=\"hidden\" name=\"post_id\" value=\"23\"\/>\n\t\t\t<input type=\"hidden\" name=\"form_id\" value=\"1894b48\"\/>\n\t\t\t<input type=\"hidden\" name=\"referer_title\" value=\"MGB Interiores\" \/>\n\n\t\t\t\n\t\t\t<div class=\"elementor-form-fields-wrapper elementor-labels-\">\n\t\t\t\t\t\t\t\t<div class=\"elementor-field-type-text elementor-field-group elementor-column elementor-field-group-name elementor-col-50 elementor-field-required\">\n\t\t\t\t\t\t\t\t\t\t\t\t<label for=\"form-field-name\" class=\"elementor-field-label elementor-screen-only\">\n\t\t\t\t\t\t\t\tNombre y apellidos\t\t\t\t\t\t\t<\/label>\n\t\t\t\t\t\t\t\t\t\t\t\t\t\t<input size=\"1\" type=\"text\" name=\"form_fields[name]\" id=\"form-field-name\" class=\"elementor-field elementor-size-md  elementor-field-textual\" placeholder=\"Nombre y apellidos\" required=\"required\" aria-required=\"true\">\n\t\t\t\t\t\t\t\t\t\t\t<\/div>\n\t\t\t\t\t\t\t\t<div class=\"elementor-field-type-email elementor-field-group elementor-column elementor-field-group-email elementor-col-50 elementor-md-50 elementor-field-required\">\n\t\t\t\t\t\t\t\t\t\t\t\t<label for=\"form-field-email\" class=\"elementor-field-label elementor-screen-only\">\n\t\t\t\t\t\t\t\temail\t\t\t\t\t\t\t<\/label>\n\t\t\t\t\t\t\t\t\t\t\t\t\t\t<input size=\"1\" type=\"email\" name=\"form_fields[email]\" id=\"form-field-email\" class=\"elementor-field elementor-size-md  elementor-field-textual\" placeholder=\"Email\" required=\"required\" aria-required=\"true\">\n\t\t\t\t\t\t\t\t\t\t\t<\/div>\n\t\t\t\t\t\t\t\t<div class=\"elementor-field-type-tel elementor-field-group elementor-column elementor-field-group-field_5057311 elementor-col-100 elementor-md-50 elementor-field-required\">\n\t\t\t\t\t\t\t\t\t\t\t\t<label for=\"form-field-field_5057311\" class=\"elementor-field-label elementor-screen-only\">\n\t\t\t\t\t\t\t\tPhone Number\t\t\t\t\t\t\t<\/label>\n\t\t\t\t\t\t\t\t<input size=\"1\" type=\"tel\" name=\"form_fields[field_5057311]\" id=\"form-field-field_5057311\" class=\"elementor-field elementor-size-md  elementor-field-textual\" placeholder=\"Tel\u00e9fono\" required=\"required\" aria-required=\"true\" pattern=\"[0-9()#&amp;+*-=.]+\" title=\"Solo se aceptan n\u00fameros y caracteres de tel\u00e9fono (#,-,*,etc).\">\n\n\t\t\t\t\t\t<\/div>\n\t\t\t\t\t\t\t\t<div class=\"elementor-field-type-textarea elementor-field-group elementor-column elementor-field-group-field_71766c7 elementor-col-100\">\n\t\t\t\t\t\t\t\t\t\t\t\t<label for=\"form-field-field_71766c7\" class=\"elementor-field-label elementor-screen-only\">\n\t\t\t\t\t\t\t\tMensaje\t\t\t\t\t\t\t<\/label>\n\t\t\t\t\t\t<textarea class=\"elementor-field-textual elementor-field  elementor-size-md\" name=\"form_fields[field_71766c7]\" id=\"form-field-field_71766c7\" rows=\"4\" placeholder=\"Mensaje\"><\/textarea>\t\t\t\t<\/div>\n\t\t\t\t\t\t\t\t<div class=\"elementor-field-type-checkbox elementor-field-group elementor-column elementor-field-group-field_3ab6b78 elementor-col-100\">\n\t\t\t\t\t<div class=\"elementor-field-subgroup  \"><span class=\"elementor-field-option\"><input type=\"checkbox\" value=\"He le\u00eddo y acepto la &lt;a href=&quot;\/politica-privacidad&quot;&gt;Pol\u00edtica de Privacidad&lt;\/a&gt;.\" id=\"form-field-field_3ab6b78-0\" name=\"form_fields[field_3ab6b78]\"> <label for=\"form-field-field_3ab6b78-0\">He le\u00eddo y acepto la <a href=\"\/politica-privacidad\">Pol\u00edtica de Privacidad<\/a>.<\/label><\/span><\/div>\t\t\t\t<\/div>\n\t\t\t\t\t\t\t\t<div class=\"elementor-field-type-html elementor-field-group elementor-column elementor-field-group-field_26e057b elementor-col-100\">\n\t\t\t\t\tResponsable: MGB SISTEMAS DE PLACAS SLU. NIF: B54700760. Correo electr\u00f3nico: mgb@mgbinteriores.es En nombre de la empresa tratamos la informaci\u00f3n que nos facilita con el fin de prestarles el servicio solicitado, realizar la facturaci\u00f3n del mismo. Los datos proporcionados se conservar\u00e1n mientras se mantenga la relaci\u00f3n comercial o durante los a\u00f1os necesarios para cumplir con las obligaciones legales. Los datos no se ceden a terceros, salvo en los casos en que exista una obligaci\u00f3n legal. Usted tiene derecho a obtener confirmaci\u00f3n sobre si en mgb@mgbinteriores.es estamos tratando sus datos personales, por tanto, tiene derecho a acceder a sus datos personales, rectificar los datos inexactos o solicitar su supresi\u00f3n cuando los datos ya no sean necesarios.\t\t\t\t<\/div>\n\t\t\t\t\t\t\t\t<div class=\"elementor-field-type-recaptcha_v3 elementor-field-group elementor-column elementor-field-group-field_6348c5c elementor-col-100 recaptcha_v3-bottomright\">\n\t\t\t\t\t<div class=\"elementor-field\" id=\"form-field-field_6348c5c\"><div class=\"elementor-g-recaptcha\" data-sitekey=\"6LdDdVQrAAAAALSiOE1u0leD5hdB5EBUJ8GnboE3\" data-type=\"v3\" data-action=\"Form\" data-badge=\"bottomright\" data-size=\"invisible\"><\/div><\/div>\t\t\t\t<\/div>\n\t\t\t\t\t\t\t\t<div class=\"elementor-field-group elementor-column elementor-field-type-submit elementor-col-100 e-form__buttons elementor-md-100\">\n\t\t\t\t\t<button type=\"submit\" class=\"elementor-button elementor-size-md\">\n\t\t\t\t\t\t<span >\n\t\t\t\t\t\t\t\t\t\t\t\t\t\t\t<span class=\" elementor-button-icon\">\n\t\t\t\t\t\t\t\t\t\t\t\t\t\t\t\t\t\t\t\t\t\t\t\t\t\t<\/span>\n\t\t\t\t\t\t\t\t\t\t\t\t\t\t\t\t\t\t\t\t\t\t<span class=\"elementor-button-text\">Enviar<\/span>\n\t\t\t\t\t\t\t\t\t\t\t\t\t<\/span>\n\t\t\t\t\t<\/button>\n\t\t\t\t<\/div>\n\t\t\t<\/div>\n\t\t<\/form>\n\t\t\t\t\t\t<\/div>\n\t\t\t\t<\/div>\n\t\t\t\t<\/div>\n\t\t\t\t<\/div>\n\t\t\t\t<\/div>\n\t\t","protected":false},"excerpt":{"rendered":"<p>Cont\u00e1ctanos Realiza tu consulta sobre cualquier cosa relacionada con nuestros servicios. \u00a0Le responderemos a la mayor brevedad posible.\u00a0 Ponte en contacto con nosotros 03680 Aspe, Alicante &#8211; Espa\u00f1a mgb@mgbinteriores.com +34 661 42 83 10<\/p>\n","protected":false},"author":1,"featured_media":0,"parent":0,"menu_order":0,"comment_status":"closed","ping_status":"closed","template":"elementor_header_footer","meta":{"footnotes":""},"class_list":["post-23","page","type-page","status-publish","hentry"],"yoast_head":"<!-- This site is optimized with the Yoast SEO plugin v25.7 - https:\/\/yoast.com\/wordpress\/plugins\/seo\/ -->\n<title>Contacto - MGB Interiores<\/title>\n<meta name=\"robots\" content=\"index, follow, max-snippet:-1, max-image-preview:large, max-video-preview:-1\" \/>\n<link rel=\"canonical\" href=\"https:\/\/lucid-ritchie.217-71-207-226.plesk.page\/?page_id=23\" \/>\n<meta property=\"og:locale\" content=\"es_ES\" \/>\n<meta property=\"og:type\" content=\"article\" \/>\n<meta property=\"og:title\" content=\"Contacto - MGB Interiores\" \/>\n<meta property=\"og:description\" content=\"Cont\u00e1ctanos Realiza tu consulta sobre cualquier cosa relacionada con nuestros servicios. \u00a0Le responderemos a la mayor brevedad posible.\u00a0 Ponte en contacto con nosotros 03680 Aspe, Alicante &#8211; Espa\u00f1a mgb@mgbinteriores.com +34 661 42 83 10\" \/>\n<meta property=\"og:url\" content=\"https:\/\/lucid-ritchie.217-71-207-226.plesk.page\/?page_id=23\" \/>\n<meta property=\"og:site_name\" content=\"MGB Interiores\" \/>\n<meta property=\"article:modified_time\" content=\"2025-08-25T09:23:16+00:00\" \/>\n<meta property=\"og:image\" content=\"https:\/\/lucid-ritchie.217-71-207-226.plesk.page\/wp-content\/uploads\/2025\/08\/MGB-Interiores.webp\" \/>\n\t<meta property=\"og:image:width\" content=\"230\" \/>\n\t<meta property=\"og:image:height\" content=\"95\" \/>\n\t<meta property=\"og:image:type\" content=\"image\/webp\" \/>\n<meta name=\"twitter:card\" content=\"summary_large_image\" \/>\n<meta name=\"twitter:label1\" content=\"Tiempo de lectura\" \/>\n\t<meta name=\"twitter:data1\" content=\"1 minuto\" \/>\n<script type=\"application\/ld+json\" class=\"yoast-schema-graph\">{\"@context\":\"https:\/\/schema.org\",\"@graph\":[{\"@type\":\"WebPage\",\"@id\":\"https:\/\/lucid-ritchie.217-71-207-226.plesk.page\/?page_id=23\",\"url\":\"https:\/\/lucid-ritchie.217-71-207-226.plesk.page\/?page_id=23\",\"name\":\"Contacto - MGB Interiores\",\"isPartOf\":{\"@id\":\"https:\/\/lucid-ritchie.217-71-207-226.plesk.page\/#website\"},\"primaryImageOfPage\":{\"@id\":\"https:\/\/lucid-ritchie.217-71-207-226.plesk.page\/?page_id=23#primaryimage\"},\"image\":{\"@id\":\"https:\/\/lucid-ritchie.217-71-207-226.plesk.page\/?page_id=23#primaryimage\"},\"thumbnailUrl\":\"https:\/\/lucid-ritchie.217-71-207-226.plesk.page\/wp-content\/uploads\/2025\/08\/MGB-Interiores.webp\",\"datePublished\":\"2025-08-24T08:39:25+00:00\",\"dateModified\":\"2025-08-25T09:23:16+00:00\",\"breadcrumb\":{\"@id\":\"https:\/\/lucid-ritchie.217-71-207-226.plesk.page\/?page_id=23#breadcrumb\"},\"inLanguage\":\"es\",\"potentialAction\":[{\"@type\":\"ReadAction\",\"target\":[\"https:\/\/lucid-ritchie.217-71-207-226.plesk.page\/?page_id=23\"]}]},{\"@type\":\"ImageObject\",\"inLanguage\":\"es\",\"@id\":\"https:\/\/lucid-ritchie.217-71-207-226.plesk.page\/?page_id=23#primaryimage\",\"url\":\"https:\/\/lucid-ritchie.217-71-207-226.plesk.page\/wp-content\/uploads\/2025\/08\/MGB-Interiores.webp\",\"contentUrl\":\"https:\/\/lucid-ritchie.217-71-207-226.plesk.page\/wp-content\/uploads\/2025\/08\/MGB-Interiores.webp\",\"width\":230,\"height\":95,\"caption\":\"MGB Interiores\"},{\"@type\":\"BreadcrumbList\",\"@id\":\"https:\/\/lucid-ritchie.217-71-207-226.plesk.page\/?page_id=23#breadcrumb\",\"itemListElement\":[{\"@type\":\"ListItem\",\"position\":1,\"name\":\"Portada\",\"item\":\"https:\/\/lucid-ritchie.217-71-207-226.plesk.page\/\"},{\"@type\":\"ListItem\",\"position\":2,\"name\":\"Contacto\"}]},{\"@type\":\"WebSite\",\"@id\":\"https:\/\/lucid-ritchie.217-71-207-226.plesk.page\/#website\",\"url\":\"https:\/\/lucid-ritchie.217-71-207-226.plesk.page\/\",\"name\":\"MGB Interiores\",\"description\":\"Reformas en Aspe (Alicante)\",\"publisher\":{\"@id\":\"https:\/\/lucid-ritchie.217-71-207-226.plesk.page\/#organization\"},\"potentialAction\":[{\"@type\":\"SearchAction\",\"target\":{\"@type\":\"EntryPoint\",\"urlTemplate\":\"https:\/\/lucid-ritchie.217-71-207-226.plesk.page\/?s={search_term_string}\"},\"query-input\":{\"@type\":\"PropertyValueSpecification\",\"valueRequired\":true,\"valueName\":\"search_term_string\"}}],\"inLanguage\":\"es\"},{\"@type\":\"Organization\",\"@id\":\"https:\/\/lucid-ritchie.217-71-207-226.plesk.page\/#organization\",\"name\":\"MGB Interiores\",\"url\":\"https:\/\/lucid-ritchie.217-71-207-226.plesk.page\/\",\"logo\":{\"@type\":\"ImageObject\",\"inLanguage\":\"es\",\"@id\":\"https:\/\/lucid-ritchie.217-71-207-226.plesk.page\/#\/schema\/logo\/image\/\",\"url\":\"https:\/\/lucid-ritchie.217-71-207-226.plesk.page\/wp-content\/uploads\/2025\/08\/MGB-Interiores.webp\",\"contentUrl\":\"https:\/\/lucid-ritchie.217-71-207-226.plesk.page\/wp-content\/uploads\/2025\/08\/MGB-Interiores.webp\",\"width\":230,\"height\":95,\"caption\":\"MGB Interiores\"},\"image\":{\"@id\":\"https:\/\/lucid-ritchie.217-71-207-226.plesk.page\/#\/schema\/logo\/image\/\"}}]}<\/script>\n<!-- \/ Yoast SEO plugin. -->","yoast_head_json":{"title":"Contacto - MGB Interiores","robots":{"index":"index","follow":"follow","max-snippet":"max-snippet:-1","max-image-preview":"max-image-preview:large","max-video-preview":"max-video-preview:-1"},"canonical":"https:\/\/lucid-ritchie.217-71-207-226.plesk.page\/?page_id=23","og_locale":"es_ES","og_type":"article","og_title":"Contacto - MGB Interiores","og_description":"Cont\u00e1ctanos Realiza tu consulta sobre cualquier cosa relacionada con nuestros servicios. \u00a0Le responderemos a la mayor brevedad posible.\u00a0 Ponte en contacto con nosotros 03680 Aspe, Alicante &#8211; Espa\u00f1a mgb@mgbinteriores.com +34 661 42 83 10","og_url":"https:\/\/lucid-ritchie.217-71-207-226.plesk.page\/?page_id=23","og_site_name":"MGB Interiores","article_modified_time":"2025-08-25T09:23:16+00:00","og_image":[{"width":230,"height":95,"url":"https:\/\/lucid-ritchie.217-71-207-226.plesk.page\/wp-content\/uploads\/2025\/08\/MGB-Interiores.webp","type":"image\/webp"}],"twitter_card":"summary_large_image","twitter_misc":{"Tiempo de lectura":"1 minuto"},"schema":{"@context":"https:\/\/schema.org","@graph":[{"@type":"WebPage","@id":"https:\/\/lucid-ritchie.217-71-207-226.plesk.page\/?page_id=23","url":"https:\/\/lucid-ritchie.217-71-207-226.plesk.page\/?page_id=23","name":"Contacto - MGB Interiores","isPartOf":{"@id":"https:\/\/lucid-ritchie.217-71-207-226.plesk.page\/#website"},"primaryImageOfPage":{"@id":"https:\/\/lucid-ritchie.217-71-207-226.plesk.page\/?page_id=23#primaryimage"},"image":{"@id":"https:\/\/lucid-ritchie.217-71-207-226.plesk.page\/?page_id=23#primaryimage"},"thumbnailUrl":"https:\/\/lucid-ritchie.217-71-207-226.plesk.page\/wp-content\/uploads\/2025\/08\/MGB-Interiores.webp","datePublished":"2025-08-24T08:39:25+00:00","dateModified":"2025-08-25T09:23:16+00:00","breadcrumb":{"@id":"https:\/\/lucid-ritchie.217-71-207-226.plesk.page\/?page_id=23#breadcrumb"},"inLanguage":"es","potentialAction":[{"@type":"ReadAction","target":["https:\/\/lucid-ritchie.217-71-207-226.plesk.page\/?page_id=23"]}]},{"@type":"ImageObject","inLanguage":"es","@id":"https:\/\/lucid-ritchie.217-71-207-226.plesk.page\/?page_id=23#primaryimage","url":"https:\/\/lucid-ritchie.217-71-207-226.plesk.page\/wp-content\/uploads\/2025\/08\/MGB-Interiores.webp","contentUrl":"https:\/\/lucid-ritchie.217-71-207-226.plesk.page\/wp-content\/uploads\/2025\/08\/MGB-Interiores.webp","width":230,"height":95,"caption":"MGB Interiores"},{"@type":"BreadcrumbList","@id":"https:\/\/lucid-ritchie.217-71-207-226.plesk.page\/?page_id=23#breadcrumb","itemListElement":[{"@type":"ListItem","position":1,"name":"Portada","item":"https:\/\/lucid-ritchie.217-71-207-226.plesk.page\/"},{"@type":"ListItem","position":2,"name":"Contacto"}]},{"@type":"WebSite","@id":"https:\/\/lucid-ritchie.217-71-207-226.plesk.page\/#website","url":"https:\/\/lucid-ritchie.217-71-207-226.plesk.page\/","name":"MGB Interiores","description":"Reformas en Aspe (Alicante)","publisher":{"@id":"https:\/\/lucid-ritchie.217-71-207-226.plesk.page\/#organization"},"potentialAction":[{"@type":"SearchAction","target":{"@type":"EntryPoint","urlTemplate":"https:\/\/lucid-ritchie.217-71-207-226.plesk.page\/?s={search_term_string}"},"query-input":{"@type":"PropertyValueSpecification","valueRequired":true,"valueName":"search_term_string"}}],"inLanguage":"es"},{"@type":"Organization","@id":"https:\/\/lucid-ritchie.217-71-207-226.plesk.page\/#organization","name":"MGB Interiores","url":"https:\/\/lucid-ritchie.217-71-207-226.plesk.page\/","logo":{"@type":"ImageObject","inLanguage":"es","@id":"https:\/\/lucid-ritchie.217-71-207-226.plesk.page\/#\/schema\/logo\/image\/","url":"https:\/\/lucid-ritchie.217-71-207-226.plesk.page\/wp-content\/uploads\/2025\/08\/MGB-Interiores.webp","contentUrl":"https:\/\/lucid-ritchie.217-71-207-226.plesk.page\/wp-content\/uploads\/2025\/08\/MGB-Interiores.webp","width":230,"height":95,"caption":"MGB Interiores"},"image":{"@id":"https:\/\/lucid-ritchie.217-71-207-226.plesk.page\/#\/schema\/logo\/image\/"}}]}},"_links":{"self":[{"href":"https:\/\/lucid-ritchie.217-71-207-226.plesk.page\/index.php?rest_route=\/wp\/v2\/pages\/23","targetHints":{"allow":["GET"]}}],"collection":[{"href":"https:\/\/lucid-ritchie.217-71-207-226.plesk.page\/index.php?rest_route=\/wp\/v2\/pages"}],"about":[{"href":"https:\/\/lucid-ritchie.217-71-207-226.plesk.page\/index.php?rest_route=\/wp\/v2\/types\/page"}],"author":[{"embeddable":true,"href":"https:\/\/lucid-ritchie.217-71-207-226.plesk.page\/index.php?rest_route=\/wp\/v2\/users\/1"}],"replies":[{"embeddable":true,"href":"https:\/\/lucid-ritchie.217-71-207-226.plesk.page\/index.php?rest_route=%2Fwp%2Fv2%2Fcomments&post=23"}],"version-history":[{"count":49,"href":"https:\/\/lucid-ritchie.217-71-207-226.plesk.page\/index.php?rest_route=\/wp\/v2\/pages\/23\/revisions"}],"predecessor-version":[{"id":217,"href":"https:\/\/lucid-ritchie.217-71-207-226.plesk.page\/index.php?rest_route=\/wp\/v2\/pages\/23\/revisions\/217"}],"wp:attachment":[{"href":"https:\/\/lucid-ritchie.217-71-207-226.plesk.page\/index.php?rest_route=%2Fwp%2Fv2%2Fmedia&parent=23"}],"curies":[{"name":"wp","href":"https:\/\/api.w.org\/{rel}","templated":true}]}}