{"id":21,"date":"2025-08-24T08:39:09","date_gmt":"2025-08-24T08:39:09","guid":{"rendered":"https:\/\/lucid-ritchie.217-71-207-226.plesk.page\/?page_id=21"},"modified":"2025-08-24T09:42:09","modified_gmt":"2025-08-24T09:42:09","slug":"sobre-nosotros","status":"publish","type":"page","link":"https:\/\/lucid-ritchie.217-71-207-226.plesk.page\/?page_id=21","title":{"rendered":"Sobre Nosotros"},"content":{"rendered":"\t\t<div data-elementor-type=\"wp-page\" data-elementor-id=\"21\" class=\"elementor elementor-21\" data-elementor-post-type=\"page\">\n\t\t\t\t<header class=\"elementor-element elementor-element-349088d e-con-full e-flex e-con e-parent\" data-id=\"349088d\" data-element_type=\"container\" data-settings=\"{&quot;background_background&quot;:&quot;classic&quot;}\">\n\t\t\t\t<\/header>\n\t\t<div class=\"elementor-element elementor-element-c234a70 e-flex e-con-boxed e-con e-parent\" data-id=\"c234a70\" data-element_type=\"container\">\n\t\t\t\t\t<div class=\"e-con-inner\">\n\t\t<div class=\"elementor-element elementor-element-dc86564 e-con-full e-flex e-con e-child\" data-id=\"dc86564\" data-element_type=\"container\">\n\t\t\t\t<div class=\"elementor-element elementor-element-44ea02b elementor-widget elementor-widget-heading\" data-id=\"44ea02b\" data-element_type=\"widget\" data-widget_type=\"heading.default\">\n\t\t\t\t\t<h2 class=\"elementor-heading-title elementor-size-default\">En MGB Interiores<\/h2>\t\t\t\t<\/div>\n\t\t\t\t<div class=\"elementor-element elementor-element-a61b1a7 elementor-widget elementor-widget-text-editor\" data-id=\"a61b1a7\" data-element_type=\"widget\" data-widget_type=\"text-editor.default\">\n\t\t\t\t\t\t\t\t\t<p>Somos especialistas en la\u00a0<strong>instalaci\u00f3n de placa de yeso laminado (pladur)<\/strong>\u00a0en Alicante y toda su provincia. Desde nuestros inicios, nos hemos dedicado a ofrecer soluciones profesionales, adaptadas y de m\u00e1xima calidad en cada proyecto.<\/p>\t\t\t\t\t\t\t\t<\/div>\n\t\t\t\t<div class=\"elementor-element elementor-element-baf992b elementor-align-left elementor-widget__width-initial elementor-widget elementor-widget-button\" data-id=\"baf992b\" data-element_type=\"widget\" data-widget_type=\"button.default\">\n\t\t\t\t\t\t\t\t\t\t<a class=\"elementor-button elementor-button-link elementor-size-sm\" href=\"https:\/\/lucid-ritchie.217-71-207-226.plesk.page\/?page_id=23\">\n\t\t\t\t\t\t<span class=\"elementor-button-content-wrapper\">\n\t\t\t\t\t\t\t\t\t<span class=\"elementor-button-text\">Cont\u00e1ctenos para m\u00e1s informaci\u00f3n<\/span>\n\t\t\t\t\t<\/span>\n\t\t\t\t\t<\/a>\n\t\t\t\t\t\t\t\t<\/div>\n\t\t\t\t<\/div>\n\t\t<div class=\"elementor-element elementor-element-de92298 e-con-full e-flex e-con e-child\" data-id=\"de92298\" data-element_type=\"container\">\n\t\t\t\t<div class=\"elementor-element elementor-element-aa35159 elementor-widget elementor-widget-image\" data-id=\"aa35159\" data-element_type=\"widget\" data-widget_type=\"image.default\">\n\t\t\t\t\t\t\t\t\t\t\t\t\t\t\t<img fetchpriority=\"high\" decoding=\"async\" width=\"605\" height=\"999\" src=\"https:\/\/lucid-ritchie.217-71-207-226.plesk.page\/wp-content\/uploads\/2025\/08\/Captura-de-pantalla-2025-05-30-a-las-12.21.41.png\" class=\"attachment-large size-large wp-image-75\" alt=\"\" srcset=\"https:\/\/lucid-ritchie.217-71-207-226.plesk.page\/wp-content\/uploads\/2025\/08\/Captura-de-pantalla-2025-05-30-a-las-12.21.41.png 605w, https:\/\/lucid-ritchie.217-71-207-226.plesk.page\/wp-content\/uploads\/2025\/08\/Captura-de-pantalla-2025-05-30-a-las-12.21.41-182x300.png 182w\" sizes=\"(max-width: 605px) 100vw, 605px\" \/>\t\t\t\t\t\t\t\t\t\t\t\t\t\t\t<\/div>\n\t\t\t\t<\/div>\n\t\t\t\t\t<\/div>\n\t\t\t\t<\/div>\n\t\t<div class=\"elementor-element elementor-element-eafdfee e-flex e-con-boxed e-con e-parent\" data-id=\"eafdfee\" data-element_type=\"container\">\n\t\t\t\t\t<div class=\"e-con-inner\">\n\t\t<div class=\"elementor-element elementor-element-b168b31 e-con-full e-flex e-con e-child\" data-id=\"b168b31\" data-element_type=\"container\">\n\t\t\t\t<div class=\"elementor-element elementor-element-18e57cb elementor-widget elementor-widget-image\" data-id=\"18e57cb\" data-element_type=\"widget\" data-widget_type=\"image.default\">\n\t\t\t\t\t\t\t\t\t\t\t\t\t\t\t<img decoding=\"async\" width=\"800\" height=\"816\" src=\"https:\/\/lucid-ritchie.217-71-207-226.plesk.page\/wp-content\/uploads\/2025\/08\/Captura-de-pantalla-2025-05-30-a-las-12.19.23-1004x1024.webp\" class=\"attachment-large size-large wp-image-35\" alt=\"\" srcset=\"https:\/\/lucid-ritchie.217-71-207-226.plesk.page\/wp-content\/uploads\/2025\/08\/Captura-de-pantalla-2025-05-30-a-las-12.19.23-1004x1024.webp 1004w, https:\/\/lucid-ritchie.217-71-207-226.plesk.page\/wp-content\/uploads\/2025\/08\/Captura-de-pantalla-2025-05-30-a-las-12.19.23-294x300.webp 294w, https:\/\/lucid-ritchie.217-71-207-226.plesk.page\/wp-content\/uploads\/2025\/08\/Captura-de-pantalla-2025-05-30-a-las-12.19.23-768x783.webp 768w, https:\/\/lucid-ritchie.217-71-207-226.plesk.page\/wp-content\/uploads\/2025\/08\/Captura-de-pantalla-2025-05-30-a-las-12.19.23.webp 1103w\" sizes=\"(max-width: 800px) 100vw, 800px\" \/>\t\t\t\t\t\t\t\t\t\t\t\t\t\t\t<\/div>\n\t\t\t\t<\/div>\n\t\t<div class=\"elementor-element elementor-element-6d46a3b e-con-full e-flex e-con e-child\" data-id=\"6d46a3b\" data-element_type=\"container\">\n\t\t\t\t<div class=\"elementor-element elementor-element-be0c567 elementor-widget elementor-widget-heading\" data-id=\"be0c567\" data-element_type=\"widget\" data-widget_type=\"heading.default\">\n\t\t\t\t\t<h2 class=\"elementor-heading-title elementor-size-default\">Transformamos espacios con pladur y profesionalidad<\/h2>\t\t\t\t<\/div>\n\t\t\t\t<div class=\"elementor-element elementor-element-cbeb0e3 elementor-widget elementor-widget-text-editor\" data-id=\"cbeb0e3\" data-element_type=\"widget\" data-widget_type=\"text-editor.default\">\n\t\t\t\t\t\t\t\t\t<p>Trabajamos mano a mano con nuestros clientes para dar forma a sus ideas, siempre con un trato cercano y personalizado. Nos comprometemos a conseguir resultados impecables, con acabados de alta calidad y adaptados a tus necesidades y presupuesto.<\/p><p>Conozca nuestros servicios personalizados para construir la casa de sus sue\u00f1os.<\/p>\t\t\t\t\t\t\t\t<\/div>\n\t\t\t\t<div class=\"elementor-element elementor-element-f71c790 elementor-align-left elementor-widget__width-initial elementor-widget elementor-widget-button\" data-id=\"f71c790\" data-element_type=\"widget\" data-widget_type=\"button.default\">\n\t\t\t\t\t\t\t\t\t\t<a class=\"elementor-button elementor-button-link elementor-size-sm\" href=\"https:\/\/lucid-ritchie.217-71-207-226.plesk.page\/?page_id=23\">\n\t\t\t\t\t\t<span class=\"elementor-button-content-wrapper\">\n\t\t\t\t\t\t\t\t\t<span class=\"elementor-button-text\">Cont\u00e1ctenos para m\u00e1s informaci\u00f3n<\/span>\n\t\t\t\t\t<\/span>\n\t\t\t\t\t<\/a>\n\t\t\t\t\t\t\t\t<\/div>\n\t\t\t\t<\/div>\n\t\t\t\t\t<\/div>\n\t\t\t\t<\/div>\n\t\t<div class=\"elementor-element elementor-element-4426638 e-flex e-con-boxed e-con e-parent\" data-id=\"4426638\" data-element_type=\"container\">\n\t\t\t\t\t<div class=\"e-con-inner\">\n\t\t\t\t<div class=\"elementor-element elementor-element-e3202f4 elementor-widget elementor-widget-heading\" data-id=\"e3202f4\" data-element_type=\"widget\" data-widget_type=\"heading.default\">\n\t\t\t\t\t<h2 class=\"elementor-heading-title elementor-size-default\">Confianza, profesionalidad y un equipo que cuide hasta el \u00faltimo detalle.<\/h2>\t\t\t\t<\/div>\n\t\t\t\t\t<\/div>\n\t\t\t\t<\/div>\n\t\t\t\t<\/div>\n\t\t","protected":false},"excerpt":{"rendered":"<p>En MGB Interiores Somos especialistas en la\u00a0instalaci\u00f3n de placa de yeso laminado (pladur)\u00a0en Alicante y toda su provincia. Desde nuestros inicios, nos hemos dedicado a ofrecer soluciones profesionales, adaptadas y de m\u00e1xima calidad en cada proyecto. Cont\u00e1ctenos para m\u00e1s informaci\u00f3n Transformamos espacios con pladur y profesionalidad Trabajamos mano a mano con nuestros clientes para dar [&hellip;]<\/p>\n","protected":false},"author":1,"featured_media":0,"parent":0,"menu_order":0,"comment_status":"closed","ping_status":"closed","template":"elementor_header_footer","meta":{"footnotes":""},"class_list":["post-21","page","type-page","status-publish","hentry"],"yoast_head":"<!-- This site is optimized with the Yoast SEO plugin v25.7 - https:\/\/yoast.com\/wordpress\/plugins\/seo\/ -->\n<title>Sobre Nosotros - MGB Interiores<\/title>\n<meta name=\"robots\" content=\"index, follow, max-snippet:-1, max-image-preview:large, max-video-preview:-1\" \/>\n<link rel=\"canonical\" href=\"https:\/\/lucid-ritchie.217-71-207-226.plesk.page\/?page_id=21\" \/>\n<meta property=\"og:locale\" content=\"es_ES\" \/>\n<meta property=\"og:type\" content=\"article\" \/>\n<meta property=\"og:title\" content=\"Sobre Nosotros - MGB Interiores\" \/>\n<meta property=\"og:description\" content=\"En MGB Interiores Somos especialistas en la\u00a0instalaci\u00f3n de placa de yeso laminado (pladur)\u00a0en Alicante y toda su provincia. Desde nuestros inicios, nos hemos dedicado a ofrecer soluciones profesionales, adaptadas y de m\u00e1xima calidad en cada proyecto. Cont\u00e1ctenos para m\u00e1s informaci\u00f3n Transformamos espacios con pladur y profesionalidad Trabajamos mano a mano con nuestros clientes para dar [&hellip;]\" \/>\n<meta property=\"og:url\" content=\"https:\/\/lucid-ritchie.217-71-207-226.plesk.page\/?page_id=21\" \/>\n<meta property=\"og:site_name\" content=\"MGB Interiores\" \/>\n<meta property=\"article:modified_time\" content=\"2025-08-24T09:42:09+00:00\" \/>\n<meta property=\"og:image\" content=\"https:\/\/lucid-ritchie.217-71-207-226.plesk.page\/wp-content\/uploads\/2025\/08\/Captura-de-pantalla-2025-05-30-a-las-12.21.41.png\" \/>\n\t<meta property=\"og:image:width\" content=\"605\" \/>\n\t<meta property=\"og:image:height\" content=\"999\" \/>\n\t<meta property=\"og:image:type\" content=\"image\/png\" \/>\n<meta name=\"twitter:card\" content=\"summary_large_image\" \/>\n<meta name=\"twitter:label1\" content=\"Tiempo de lectura\" \/>\n\t<meta name=\"twitter:data1\" content=\"1 minuto\" \/>\n<script type=\"application\/ld+json\" class=\"yoast-schema-graph\">{\"@context\":\"https:\/\/schema.org\",\"@graph\":[{\"@type\":\"WebPage\",\"@id\":\"https:\/\/lucid-ritchie.217-71-207-226.plesk.page\/?page_id=21\",\"url\":\"https:\/\/lucid-ritchie.217-71-207-226.plesk.page\/?page_id=21\",\"name\":\"Sobre Nosotros - MGB Interiores\",\"isPartOf\":{\"@id\":\"https:\/\/lucid-ritchie.217-71-207-226.plesk.page\/#website\"},\"primaryImageOfPage\":{\"@id\":\"https:\/\/lucid-ritchie.217-71-207-226.plesk.page\/?page_id=21#primaryimage\"},\"image\":{\"@id\":\"https:\/\/lucid-ritchie.217-71-207-226.plesk.page\/?page_id=21#primaryimage\"},\"thumbnailUrl\":\"https:\/\/lucid-ritchie.217-71-207-226.plesk.page\/wp-content\/uploads\/2025\/08\/Captura-de-pantalla-2025-05-30-a-las-12.21.41.png\",\"datePublished\":\"2025-08-24T08:39:09+00:00\",\"dateModified\":\"2025-08-24T09:42:09+00:00\",\"breadcrumb\":{\"@id\":\"https:\/\/lucid-ritchie.217-71-207-226.plesk.page\/?page_id=21#breadcrumb\"},\"inLanguage\":\"es\",\"potentialAction\":[{\"@type\":\"ReadAction\",\"target\":[\"https:\/\/lucid-ritchie.217-71-207-226.plesk.page\/?page_id=21\"]}]},{\"@type\":\"ImageObject\",\"inLanguage\":\"es\",\"@id\":\"https:\/\/lucid-ritchie.217-71-207-226.plesk.page\/?page_id=21#primaryimage\",\"url\":\"https:\/\/lucid-ritchie.217-71-207-226.plesk.page\/wp-content\/uploads\/2025\/08\/Captura-de-pantalla-2025-05-30-a-las-12.21.41.png\",\"contentUrl\":\"https:\/\/lucid-ritchie.217-71-207-226.plesk.page\/wp-content\/uploads\/2025\/08\/Captura-de-pantalla-2025-05-30-a-las-12.21.41.png\",\"width\":605,\"height\":999},{\"@type\":\"BreadcrumbList\",\"@id\":\"https:\/\/lucid-ritchie.217-71-207-226.plesk.page\/?page_id=21#breadcrumb\",\"itemListElement\":[{\"@type\":\"ListItem\",\"position\":1,\"name\":\"Portada\",\"item\":\"https:\/\/lucid-ritchie.217-71-207-226.plesk.page\/\"},{\"@type\":\"ListItem\",\"position\":2,\"name\":\"Sobre Nosotros\"}]},{\"@type\":\"WebSite\",\"@id\":\"https:\/\/lucid-ritchie.217-71-207-226.plesk.page\/#website\",\"url\":\"https:\/\/lucid-ritchie.217-71-207-226.plesk.page\/\",\"name\":\"MGB Interiores\",\"description\":\"Reformas en Aspe (Alicante)\",\"publisher\":{\"@id\":\"https:\/\/lucid-ritchie.217-71-207-226.plesk.page\/#organization\"},\"potentialAction\":[{\"@type\":\"SearchAction\",\"target\":{\"@type\":\"EntryPoint\",\"urlTemplate\":\"https:\/\/lucid-ritchie.217-71-207-226.plesk.page\/?s={search_term_string}\"},\"query-input\":{\"@type\":\"PropertyValueSpecification\",\"valueRequired\":true,\"valueName\":\"search_term_string\"}}],\"inLanguage\":\"es\"},{\"@type\":\"Organization\",\"@id\":\"https:\/\/lucid-ritchie.217-71-207-226.plesk.page\/#organization\",\"name\":\"MGB Interiores\",\"url\":\"https:\/\/lucid-ritchie.217-71-207-226.plesk.page\/\",\"logo\":{\"@type\":\"ImageObject\",\"inLanguage\":\"es\",\"@id\":\"https:\/\/lucid-ritchie.217-71-207-226.plesk.page\/#\/schema\/logo\/image\/\",\"url\":\"https:\/\/lucid-ritchie.217-71-207-226.plesk.page\/wp-content\/uploads\/2025\/08\/MGB-Interiores.webp\",\"contentUrl\":\"https:\/\/lucid-ritchie.217-71-207-226.plesk.page\/wp-content\/uploads\/2025\/08\/MGB-Interiores.webp\",\"width\":230,\"height\":95,\"caption\":\"MGB Interiores\"},\"image\":{\"@id\":\"https:\/\/lucid-ritchie.217-71-207-226.plesk.page\/#\/schema\/logo\/image\/\"}}]}<\/script>\n<!-- \/ Yoast SEO plugin. -->","yoast_head_json":{"title":"Sobre Nosotros - MGB Interiores","robots":{"index":"index","follow":"follow","max-snippet":"max-snippet:-1","max-image-preview":"max-image-preview:large","max-video-preview":"max-video-preview:-1"},"canonical":"https:\/\/lucid-ritchie.217-71-207-226.plesk.page\/?page_id=21","og_locale":"es_ES","og_type":"article","og_title":"Sobre Nosotros - MGB Interiores","og_description":"En MGB Interiores Somos especialistas en la\u00a0instalaci\u00f3n de placa de yeso laminado (pladur)\u00a0en Alicante y toda su provincia. Desde nuestros inicios, nos hemos dedicado a ofrecer soluciones profesionales, adaptadas y de m\u00e1xima calidad en cada proyecto. Cont\u00e1ctenos para m\u00e1s informaci\u00f3n Transformamos espacios con pladur y profesionalidad Trabajamos mano a mano con nuestros clientes para dar [&hellip;]","og_url":"https:\/\/lucid-ritchie.217-71-207-226.plesk.page\/?page_id=21","og_site_name":"MGB Interiores","article_modified_time":"2025-08-24T09:42:09+00:00","og_image":[{"width":605,"height":999,"url":"https:\/\/lucid-ritchie.217-71-207-226.plesk.page\/wp-content\/uploads\/2025\/08\/Captura-de-pantalla-2025-05-30-a-las-12.21.41.png","type":"image\/png"}],"twitter_card":"summary_large_image","twitter_misc":{"Tiempo de lectura":"1 minuto"},"schema":{"@context":"https:\/\/schema.org","@graph":[{"@type":"WebPage","@id":"https:\/\/lucid-ritchie.217-71-207-226.plesk.page\/?page_id=21","url":"https:\/\/lucid-ritchie.217-71-207-226.plesk.page\/?page_id=21","name":"Sobre Nosotros - MGB Interiores","isPartOf":{"@id":"https:\/\/lucid-ritchie.217-71-207-226.plesk.page\/#website"},"primaryImageOfPage":{"@id":"https:\/\/lucid-ritchie.217-71-207-226.plesk.page\/?page_id=21#primaryimage"},"image":{"@id":"https:\/\/lucid-ritchie.217-71-207-226.plesk.page\/?page_id=21#primaryimage"},"thumbnailUrl":"https:\/\/lucid-ritchie.217-71-207-226.plesk.page\/wp-content\/uploads\/2025\/08\/Captura-de-pantalla-2025-05-30-a-las-12.21.41.png","datePublished":"2025-08-24T08:39:09+00:00","dateModified":"2025-08-24T09:42:09+00:00","breadcrumb":{"@id":"https:\/\/lucid-ritchie.217-71-207-226.plesk.page\/?page_id=21#breadcrumb"},"inLanguage":"es","potentialAction":[{"@type":"ReadAction","target":["https:\/\/lucid-ritchie.217-71-207-226.plesk.page\/?page_id=21"]}]},{"@type":"ImageObject","inLanguage":"es","@id":"https:\/\/lucid-ritchie.217-71-207-226.plesk.page\/?page_id=21#primaryimage","url":"https:\/\/lucid-ritchie.217-71-207-226.plesk.page\/wp-content\/uploads\/2025\/08\/Captura-de-pantalla-2025-05-30-a-las-12.21.41.png","contentUrl":"https:\/\/lucid-ritchie.217-71-207-226.plesk.page\/wp-content\/uploads\/2025\/08\/Captura-de-pantalla-2025-05-30-a-las-12.21.41.png","width":605,"height":999},{"@type":"BreadcrumbList","@id":"https:\/\/lucid-ritchie.217-71-207-226.plesk.page\/?page_id=21#breadcrumb","itemListElement":[{"@type":"ListItem","position":1,"name":"Portada","item":"https:\/\/lucid-ritchie.217-71-207-226.plesk.page\/"},{"@type":"ListItem","position":2,"name":"Sobre Nosotros"}]},{"@type":"WebSite","@id":"https:\/\/lucid-ritchie.217-71-207-226.plesk.page\/#website","url":"https:\/\/lucid-ritchie.217-71-207-226.plesk.page\/","name":"MGB Interiores","description":"Reformas en Aspe (Alicante)","publisher":{"@id":"https:\/\/lucid-ritchie.217-71-207-226.plesk.page\/#organization"},"potentialAction":[{"@type":"SearchAction","target":{"@type":"EntryPoint","urlTemplate":"https:\/\/lucid-ritchie.217-71-207-226.plesk.page\/?s={search_term_string}"},"query-input":{"@type":"PropertyValueSpecification","valueRequired":true,"valueName":"search_term_string"}}],"inLanguage":"es"},{"@type":"Organization","@id":"https:\/\/lucid-ritchie.217-71-207-226.plesk.page\/#organization","name":"MGB Interiores","url":"https:\/\/lucid-ritchie.217-71-207-226.plesk.page\/","logo":{"@type":"ImageObject","inLanguage":"es","@id":"https:\/\/lucid-ritchie.217-71-207-226.plesk.page\/#\/schema\/logo\/image\/","url":"https:\/\/lucid-ritchie.217-71-207-226.plesk.page\/wp-content\/uploads\/2025\/08\/MGB-Interiores.webp","contentUrl":"https:\/\/lucid-ritchie.217-71-207-226.plesk.page\/wp-content\/uploads\/2025\/08\/MGB-Interiores.webp","width":230,"height":95,"caption":"MGB Interiores"},"image":{"@id":"https:\/\/lucid-ritchie.217-71-207-226.plesk.page\/#\/schema\/logo\/image\/"}}]}},"_links":{"self":[{"href":"https:\/\/lucid-ritchie.217-71-207-226.plesk.page\/index.php?rest_route=\/wp\/v2\/pages\/21","targetHints":{"allow":["GET"]}}],"collection":[{"href":"https:\/\/lucid-ritchie.217-71-207-226.plesk.page\/index.php?rest_route=\/wp\/v2\/pages"}],"about":[{"href":"https:\/\/lucid-ritchie.217-71-207-226.plesk.page\/index.php?rest_route=\/wp\/v2\/types\/page"}],"author":[{"embeddable":true,"href":"https:\/\/lucid-ritchie.217-71-207-226.plesk.page\/index.php?rest_route=\/wp\/v2\/users\/1"}],"replies":[{"embeddable":true,"href":"https:\/\/lucid-ritchie.217-71-207-226.plesk.page\/index.php?rest_route=%2Fwp%2Fv2%2Fcomments&post=21"}],"version-history":[{"count":4,"href":"https:\/\/lucid-ritchie.217-71-207-226.plesk.page\/index.php?rest_route=\/wp\/v2\/pages\/21\/revisions"}],"predecessor-version":[{"id":78,"href":"https:\/\/lucid-ritchie.217-71-207-226.plesk.page\/index.php?rest_route=\/wp\/v2\/pages\/21\/revisions\/78"}],"wp:attachment":[{"href":"https:\/\/lucid-ritchie.217-71-207-226.plesk.page\/index.php?rest_route=%2Fwp%2Fv2%2Fmedia&parent=21"}],"curies":[{"name":"wp","href":"https:\/\/api.w.org\/{rel}","templated":true}]}}