{"id":19,"date":"2025-08-24T08:38:45","date_gmt":"2025-08-24T08:38:45","guid":{"rendered":"https:\/\/lucid-ritchie.217-71-207-226.plesk.page\/?page_id=19"},"modified":"2025-08-25T09:49:40","modified_gmt":"2025-08-25T07:49:40","slug":"nuestros-servicios","status":"publish","type":"page","link":"https:\/\/lucid-ritchie.217-71-207-226.plesk.page\/?page_id=19","title":{"rendered":"Servicios"},"content":{"rendered":"\t\t<div data-elementor-type=\"wp-page\" data-elementor-id=\"19\" class=\"elementor elementor-19\" data-elementor-post-type=\"page\">\n\t\t\t\t<div class=\"elementor-element elementor-element-fc5407e e-flex e-con-boxed e-con e-parent\" data-id=\"fc5407e\" data-element_type=\"container\">\n\t\t\t\t\t<div class=\"e-con-inner\">\n\t\t\t\t<div class=\"elementor-element elementor-element-0780a52 elementor-widget elementor-widget-heading\" data-id=\"0780a52\" data-element_type=\"widget\" data-widget_type=\"heading.default\">\n\t\t\t\t\t<h1 class=\"elementor-heading-title elementor-size-default\">SERVICIOS<\/h1>\t\t\t\t<\/div>\n\t\t\t\t\t<\/div>\n\t\t\t\t<\/div>\n\t\t<div class=\"elementor-element elementor-element-4ce5834 e-flex e-con-boxed e-con e-parent\" data-id=\"4ce5834\" data-element_type=\"container\">\n\t\t\t\t\t<div class=\"e-con-inner\">\n\t\t<div class=\"elementor-element elementor-element-fe3be5a e-con-full e-flex e-con e-child\" data-id=\"fe3be5a\" data-element_type=\"container\">\n\t\t\t\t<div class=\"elementor-element elementor-element-126439f elementor-position-top elementor-position-top elementor-widget elementor-widget-image-box\" data-id=\"126439f\" data-element_type=\"widget\" data-widget_type=\"image-box.default\">\n\t\t\t\t\t<div class=\"elementor-image-box-wrapper\"><figure class=\"elementor-image-box-img\"><img fetchpriority=\"high\" decoding=\"async\" width=\"600\" height=\"650\" src=\"https:\/\/lucid-ritchie.217-71-207-226.plesk.page\/wp-content\/uploads\/2025\/08\/techo_confort.webp\" class=\"attachment-full size-full wp-image-136\" alt=\"\" srcset=\"https:\/\/lucid-ritchie.217-71-207-226.plesk.page\/wp-content\/uploads\/2025\/08\/techo_confort.webp 600w, https:\/\/lucid-ritchie.217-71-207-226.plesk.page\/wp-content\/uploads\/2025\/08\/techo_confort-277x300.webp 277w\" sizes=\"(max-width: 600px) 100vw, 600px\" \/><\/figure><div class=\"elementor-image-box-content\"><h3 class=\"elementor-image-box-title\">Confort y funcionalidad<\/h3><p class=\"elementor-image-box-description\">Techos de pladur (rectos\/curvos).\nTabiques y trasdosados.\nInsonorizaci\u00f3n y aislamiento.\nLuces indirectas con pladur.<\/p><\/div><\/div>\t\t\t\t<\/div>\n\t\t\t\t<\/div>\n\t\t<div class=\"elementor-element elementor-element-54c2b9c e-con-full e-flex e-con e-child\" data-id=\"54c2b9c\" data-element_type=\"container\">\n\t\t\t\t<div class=\"elementor-element elementor-element-52d89ed elementor-position-top elementor-position-top elementor-widget elementor-widget-image-box\" data-id=\"52d89ed\" data-element_type=\"widget\" data-widget_type=\"image-box.default\">\n\t\t\t\t\t<div class=\"elementor-image-box-wrapper\"><figure class=\"elementor-image-box-img\"><img decoding=\"async\" width=\"600\" height=\"650\" src=\"https:\/\/lucid-ritchie.217-71-207-226.plesk.page\/wp-content\/uploads\/2025\/08\/mueble_pladur.webp\" class=\"attachment-full size-full wp-image-137\" alt=\"\" srcset=\"https:\/\/lucid-ritchie.217-71-207-226.plesk.page\/wp-content\/uploads\/2025\/08\/mueble_pladur.webp 600w, https:\/\/lucid-ritchie.217-71-207-226.plesk.page\/wp-content\/uploads\/2025\/08\/mueble_pladur-277x300.webp 277w\" sizes=\"(max-width: 600px) 100vw, 600px\" \/><\/figure><div class=\"elementor-image-box-content\"><h3 class=\"elementor-image-box-title\">Est\u00e9tica y personalizaci\u00f3n<\/h3><p class=\"elementor-image-box-description\">Muebles de pladur.\nLamas de madera<\/p><\/div><\/div>\t\t\t\t<\/div>\n\t\t\t\t<\/div>\n\t\t<div class=\"elementor-element elementor-element-01e8e75 e-con-full e-flex e-con e-child\" data-id=\"01e8e75\" data-element_type=\"container\">\n\t\t\t\t<div class=\"elementor-element elementor-element-dd2baf6 elementor-position-top elementor-position-top elementor-widget elementor-widget-image-box\" data-id=\"dd2baf6\" data-element_type=\"widget\" data-widget_type=\"image-box.default\">\n\t\t\t\t\t<div class=\"elementor-image-box-wrapper\"><figure class=\"elementor-image-box-img\"><img decoding=\"async\" width=\"600\" height=\"650\" src=\"https:\/\/lucid-ritchie.217-71-207-226.plesk.page\/wp-content\/uploads\/2025\/08\/ojo_pladur.webp\" class=\"attachment-full size-full wp-image-138\" alt=\"\" srcset=\"https:\/\/lucid-ritchie.217-71-207-226.plesk.page\/wp-content\/uploads\/2025\/08\/ojo_pladur.webp 600w, https:\/\/lucid-ritchie.217-71-207-226.plesk.page\/wp-content\/uploads\/2025\/08\/ojo_pladur-277x300.webp 277w\" sizes=\"(max-width: 600px) 100vw, 600px\" \/><\/figure><div class=\"elementor-image-box-content\"><h3 class=\"elementor-image-box-title\">Soluciones t\u00e9cnicas y de alto rendimiento <\/h3><p class=\"elementor-image-box-description\">Techos perforados. \nPlacas met\u00e1licas.\nCampanas extractoras de placas.<\/p><\/div><\/div>\t\t\t\t<\/div>\n\t\t\t\t<\/div>\n\t\t\t\t\t<\/div>\n\t\t\t\t<\/div>\n\t\t<div class=\"elementor-element elementor-element-6f47326 e-flex e-con-boxed e-con e-parent\" data-id=\"6f47326\" data-element_type=\"container\">\n\t\t\t\t\t<div class=\"e-con-inner\">\n\t\t\t\t<div class=\"elementor-element elementor-element-9f7beea elementor-align-center elementor-widget elementor-widget-button\" data-id=\"9f7beea\" data-element_type=\"widget\" data-widget_type=\"button.default\">\n\t\t\t\t\t\t\t\t\t\t<a class=\"elementor-button elementor-button-link elementor-size-sm\" href=\"http:\/\/mgbinteriores.com\/contacto\">\n\t\t\t\t\t\t<span class=\"elementor-button-content-wrapper\">\n\t\t\t\t\t\t\t\t\t<span class=\"elementor-button-text\">Pide informaci\u00f3n del servicio que necesites<\/span>\n\t\t\t\t\t<\/span>\n\t\t\t\t\t<\/a>\n\t\t\t\t\t\t\t\t<\/div>\n\t\t\t\t\t<\/div>\n\t\t\t\t<\/div>\n\t\t<div class=\"elementor-element elementor-element-50784d8 e-flex e-con-boxed e-con e-parent\" data-id=\"50784d8\" data-element_type=\"container\">\n\t\t\t\t\t<div class=\"e-con-inner\">\n\t\t\t\t<div class=\"elementor-element elementor-element-dda4937 elementor-widget elementor-widget-heading\" data-id=\"dda4937\" data-element_type=\"widget\" data-widget_type=\"heading.default\">\n\t\t\t\t\t<h2 class=\"elementor-heading-title elementor-size-default\">Marcas con las que trabajamos<\/h2>\t\t\t\t<\/div>\n\t\t\t\t\t<\/div>\n\t\t\t\t<\/div>\n\t\t<div class=\"elementor-element elementor-element-e225e40 e-flex e-con-boxed e-con e-parent\" data-id=\"e225e40\" data-element_type=\"container\">\n\t\t\t\t\t<div class=\"e-con-inner\">\n\t\t<div class=\"elementor-element elementor-element-fb8b901 e-con-full e-flex e-con e-child\" data-id=\"fb8b901\" data-element_type=\"container\">\n\t\t\t\t<div class=\"elementor-element elementor-element-db82995 elementor-widget elementor-widget-image\" data-id=\"db82995\" data-element_type=\"widget\" data-widget_type=\"image.default\">\n\t\t\t\t\t\t\t\t\t\t\t\t\t\t\t<img loading=\"lazy\" decoding=\"async\" width=\"400\" height=\"250\" src=\"https:\/\/lucid-ritchie.217-71-207-226.plesk.page\/wp-content\/uploads\/2025\/08\/MARCAS_0001_Logotipo-pladur.webp\" class=\"attachment-large size-large wp-image-166\" alt=\"\" srcset=\"https:\/\/lucid-ritchie.217-71-207-226.plesk.page\/wp-content\/uploads\/2025\/08\/MARCAS_0001_Logotipo-pladur.webp 400w, https:\/\/lucid-ritchie.217-71-207-226.plesk.page\/wp-content\/uploads\/2025\/08\/MARCAS_0001_Logotipo-pladur-300x188.webp 300w\" sizes=\"(max-width: 400px) 100vw, 400px\" \/>\t\t\t\t\t\t\t\t\t\t\t\t\t\t\t<\/div>\n\t\t\t\t<\/div>\n\t\t<div class=\"elementor-element elementor-element-bc2b314 e-con-full e-flex e-con e-child\" data-id=\"bc2b314\" data-element_type=\"container\">\n\t\t\t\t<div class=\"elementor-element elementor-element-e62ec5e elementor-widget elementor-widget-image\" data-id=\"e62ec5e\" data-element_type=\"widget\" data-widget_type=\"image.default\">\n\t\t\t\t\t\t\t\t\t\t\t\t\t\t\t<img loading=\"lazy\" decoding=\"async\" width=\"400\" height=\"250\" src=\"https:\/\/lucid-ritchie.217-71-207-226.plesk.page\/wp-content\/uploads\/2025\/08\/MARCAS_0002_rockpanel_100_050_B3A9BB4B.webp\" class=\"attachment-large size-large wp-image-165\" alt=\"\" srcset=\"https:\/\/lucid-ritchie.217-71-207-226.plesk.page\/wp-content\/uploads\/2025\/08\/MARCAS_0002_rockpanel_100_050_B3A9BB4B.webp 400w, https:\/\/lucid-ritchie.217-71-207-226.plesk.page\/wp-content\/uploads\/2025\/08\/MARCAS_0002_rockpanel_100_050_B3A9BB4B-300x188.webp 300w\" sizes=\"(max-width: 400px) 100vw, 400px\" \/>\t\t\t\t\t\t\t\t\t\t\t\t\t\t\t<\/div>\n\t\t\t\t<\/div>\n\t\t<div class=\"elementor-element elementor-element-10e578a e-con-full e-flex e-con e-child\" data-id=\"10e578a\" data-element_type=\"container\">\n\t\t\t\t<div class=\"elementor-element elementor-element-e18f9ea elementor-widget elementor-widget-image\" data-id=\"e18f9ea\" data-element_type=\"widget\" data-widget_type=\"image.default\">\n\t\t\t\t\t\t\t\t\t\t\t\t\t\t\t<img loading=\"lazy\" decoding=\"async\" width=\"400\" height=\"250\" src=\"https:\/\/lucid-ritchie.217-71-207-226.plesk.page\/wp-content\/uploads\/2025\/08\/MARCAS_0003_Capa-2.webp\" class=\"attachment-large size-large wp-image-164\" alt=\"\" srcset=\"https:\/\/lucid-ritchie.217-71-207-226.plesk.page\/wp-content\/uploads\/2025\/08\/MARCAS_0003_Capa-2.webp 400w, https:\/\/lucid-ritchie.217-71-207-226.plesk.page\/wp-content\/uploads\/2025\/08\/MARCAS_0003_Capa-2-300x188.webp 300w\" sizes=\"(max-width: 400px) 100vw, 400px\" \/>\t\t\t\t\t\t\t\t\t\t\t\t\t\t\t<\/div>\n\t\t\t\t<\/div>\n\t\t<div class=\"elementor-element elementor-element-ebb6e28 e-con-full e-flex e-con e-child\" data-id=\"ebb6e28\" data-element_type=\"container\">\n\t\t\t\t<div class=\"elementor-element elementor-element-5a263fc elementor-widget elementor-widget-image\" data-id=\"5a263fc\" data-element_type=\"widget\" data-widget_type=\"image.default\">\n\t\t\t\t\t\t\t\t\t\t\t\t\t\t\t<img loading=\"lazy\" decoding=\"async\" width=\"690\" height=\"363\" src=\"https:\/\/lucid-ritchie.217-71-207-226.plesk.page\/wp-content\/uploads\/2025\/08\/placo2.webp\" class=\"attachment-large size-large wp-image-163\" alt=\"\" srcset=\"https:\/\/lucid-ritchie.217-71-207-226.plesk.page\/wp-content\/uploads\/2025\/08\/placo2.webp 690w, https:\/\/lucid-ritchie.217-71-207-226.plesk.page\/wp-content\/uploads\/2025\/08\/placo2-300x158.webp 300w\" sizes=\"(max-width: 690px) 100vw, 690px\" \/>\t\t\t\t\t\t\t\t\t\t\t\t\t\t\t<\/div>\n\t\t\t\t<\/div>\n\t\t\t\t\t<\/div>\n\t\t\t\t<\/div>\n\t\t\t\t<\/div>\n\t\t","protected":false},"excerpt":{"rendered":"<p>SERVICIOS Confort y funcionalidad Techos de pladur (rectos\/curvos). Tabiques y trasdosados. Insonorizaci\u00f3n y aislamiento. Luces indirectas con pladur. Est\u00e9tica y personalizaci\u00f3n Muebles de pladur. Lamas de madera Soluciones t\u00e9cnicas y de alto rendimiento Techos perforados. Placas met\u00e1licas. Campanas extractoras de placas. Pide informaci\u00f3n del servicio que necesites Marcas con las que trabajamos<\/p>\n","protected":false},"author":1,"featured_media":0,"parent":0,"menu_order":0,"comment_status":"closed","ping_status":"closed","template":"elementor_header_footer","meta":{"footnotes":""},"class_list":["post-19","page","type-page","status-publish","hentry"],"yoast_head":"<!-- This site is optimized with the Yoast SEO plugin v25.7 - https:\/\/yoast.com\/wordpress\/plugins\/seo\/ -->\n<title>Servicios - MGB Interiores<\/title>\n<meta name=\"robots\" content=\"index, follow, max-snippet:-1, max-image-preview:large, max-video-preview:-1\" \/>\n<link rel=\"canonical\" href=\"https:\/\/lucid-ritchie.217-71-207-226.plesk.page\/?page_id=19\" \/>\n<meta property=\"og:locale\" content=\"es_ES\" \/>\n<meta property=\"og:type\" content=\"article\" \/>\n<meta property=\"og:title\" content=\"Servicios - MGB Interiores\" \/>\n<meta property=\"og:description\" content=\"SERVICIOS Confort y funcionalidad Techos de pladur (rectos\/curvos). Tabiques y trasdosados. Insonorizaci\u00f3n y aislamiento. Luces indirectas con pladur. Est\u00e9tica y personalizaci\u00f3n Muebles de pladur. Lamas de madera Soluciones t\u00e9cnicas y de alto rendimiento Techos perforados. Placas met\u00e1licas. Campanas extractoras de placas. Pide informaci\u00f3n del servicio que necesites Marcas con las que trabajamos\" \/>\n<meta property=\"og:url\" content=\"https:\/\/lucid-ritchie.217-71-207-226.plesk.page\/?page_id=19\" \/>\n<meta property=\"og:site_name\" content=\"MGB Interiores\" \/>\n<meta property=\"article:modified_time\" content=\"2025-08-25T07:49:40+00:00\" \/>\n<meta property=\"og:image\" content=\"https:\/\/lucid-ritchie.217-71-207-226.plesk.page\/wp-content\/uploads\/2025\/08\/techo_confort.webp\" \/>\n\t<meta property=\"og:image:width\" content=\"600\" \/>\n\t<meta property=\"og:image:height\" content=\"650\" \/>\n\t<meta property=\"og:image:type\" content=\"image\/webp\" \/>\n<meta name=\"twitter:card\" content=\"summary_large_image\" \/>\n<meta name=\"twitter:label1\" content=\"Tiempo de lectura\" \/>\n\t<meta name=\"twitter:data1\" content=\"1 minuto\" \/>\n<script type=\"application\/ld+json\" class=\"yoast-schema-graph\">{\"@context\":\"https:\/\/schema.org\",\"@graph\":[{\"@type\":\"WebPage\",\"@id\":\"https:\/\/lucid-ritchie.217-71-207-226.plesk.page\/?page_id=19\",\"url\":\"https:\/\/lucid-ritchie.217-71-207-226.plesk.page\/?page_id=19\",\"name\":\"Servicios - MGB Interiores\",\"isPartOf\":{\"@id\":\"https:\/\/lucid-ritchie.217-71-207-226.plesk.page\/#website\"},\"primaryImageOfPage\":{\"@id\":\"https:\/\/lucid-ritchie.217-71-207-226.plesk.page\/?page_id=19#primaryimage\"},\"image\":{\"@id\":\"https:\/\/lucid-ritchie.217-71-207-226.plesk.page\/?page_id=19#primaryimage\"},\"thumbnailUrl\":\"https:\/\/lucid-ritchie.217-71-207-226.plesk.page\/wp-content\/uploads\/2025\/08\/techo_confort.webp\",\"datePublished\":\"2025-08-24T08:38:45+00:00\",\"dateModified\":\"2025-08-25T07:49:40+00:00\",\"breadcrumb\":{\"@id\":\"https:\/\/lucid-ritchie.217-71-207-226.plesk.page\/?page_id=19#breadcrumb\"},\"inLanguage\":\"es\",\"potentialAction\":[{\"@type\":\"ReadAction\",\"target\":[\"https:\/\/lucid-ritchie.217-71-207-226.plesk.page\/?page_id=19\"]}]},{\"@type\":\"ImageObject\",\"inLanguage\":\"es\",\"@id\":\"https:\/\/lucid-ritchie.217-71-207-226.plesk.page\/?page_id=19#primaryimage\",\"url\":\"https:\/\/lucid-ritchie.217-71-207-226.plesk.page\/wp-content\/uploads\/2025\/08\/techo_confort.webp\",\"contentUrl\":\"https:\/\/lucid-ritchie.217-71-207-226.plesk.page\/wp-content\/uploads\/2025\/08\/techo_confort.webp\",\"width\":600,\"height\":650},{\"@type\":\"BreadcrumbList\",\"@id\":\"https:\/\/lucid-ritchie.217-71-207-226.plesk.page\/?page_id=19#breadcrumb\",\"itemListElement\":[{\"@type\":\"ListItem\",\"position\":1,\"name\":\"Portada\",\"item\":\"https:\/\/lucid-ritchie.217-71-207-226.plesk.page\/\"},{\"@type\":\"ListItem\",\"position\":2,\"name\":\"Servicios\"}]},{\"@type\":\"WebSite\",\"@id\":\"https:\/\/lucid-ritchie.217-71-207-226.plesk.page\/#website\",\"url\":\"https:\/\/lucid-ritchie.217-71-207-226.plesk.page\/\",\"name\":\"MGB Interiores\",\"description\":\"Reformas en Aspe (Alicante)\",\"publisher\":{\"@id\":\"https:\/\/lucid-ritchie.217-71-207-226.plesk.page\/#organization\"},\"potentialAction\":[{\"@type\":\"SearchAction\",\"target\":{\"@type\":\"EntryPoint\",\"urlTemplate\":\"https:\/\/lucid-ritchie.217-71-207-226.plesk.page\/?s={search_term_string}\"},\"query-input\":{\"@type\":\"PropertyValueSpecification\",\"valueRequired\":true,\"valueName\":\"search_term_string\"}}],\"inLanguage\":\"es\"},{\"@type\":\"Organization\",\"@id\":\"https:\/\/lucid-ritchie.217-71-207-226.plesk.page\/#organization\",\"name\":\"MGB Interiores\",\"url\":\"https:\/\/lucid-ritchie.217-71-207-226.plesk.page\/\",\"logo\":{\"@type\":\"ImageObject\",\"inLanguage\":\"es\",\"@id\":\"https:\/\/lucid-ritchie.217-71-207-226.plesk.page\/#\/schema\/logo\/image\/\",\"url\":\"https:\/\/lucid-ritchie.217-71-207-226.plesk.page\/wp-content\/uploads\/2025\/08\/MGB-Interiores.webp\",\"contentUrl\":\"https:\/\/lucid-ritchie.217-71-207-226.plesk.page\/wp-content\/uploads\/2025\/08\/MGB-Interiores.webp\",\"width\":230,\"height\":95,\"caption\":\"MGB Interiores\"},\"image\":{\"@id\":\"https:\/\/lucid-ritchie.217-71-207-226.plesk.page\/#\/schema\/logo\/image\/\"}}]}<\/script>\n<!-- \/ Yoast SEO plugin. -->","yoast_head_json":{"title":"Servicios - MGB Interiores","robots":{"index":"index","follow":"follow","max-snippet":"max-snippet:-1","max-image-preview":"max-image-preview:large","max-video-preview":"max-video-preview:-1"},"canonical":"https:\/\/lucid-ritchie.217-71-207-226.plesk.page\/?page_id=19","og_locale":"es_ES","og_type":"article","og_title":"Servicios - MGB Interiores","og_description":"SERVICIOS Confort y funcionalidad Techos de pladur (rectos\/curvos). Tabiques y trasdosados. Insonorizaci\u00f3n y aislamiento. Luces indirectas con pladur. Est\u00e9tica y personalizaci\u00f3n Muebles de pladur. Lamas de madera Soluciones t\u00e9cnicas y de alto rendimiento Techos perforados. Placas met\u00e1licas. Campanas extractoras de placas. Pide informaci\u00f3n del servicio que necesites Marcas con las que trabajamos","og_url":"https:\/\/lucid-ritchie.217-71-207-226.plesk.page\/?page_id=19","og_site_name":"MGB Interiores","article_modified_time":"2025-08-25T07:49:40+00:00","og_image":[{"width":600,"height":650,"url":"https:\/\/lucid-ritchie.217-71-207-226.plesk.page\/wp-content\/uploads\/2025\/08\/techo_confort.webp","type":"image\/webp"}],"twitter_card":"summary_large_image","twitter_misc":{"Tiempo de lectura":"1 minuto"},"schema":{"@context":"https:\/\/schema.org","@graph":[{"@type":"WebPage","@id":"https:\/\/lucid-ritchie.217-71-207-226.plesk.page\/?page_id=19","url":"https:\/\/lucid-ritchie.217-71-207-226.plesk.page\/?page_id=19","name":"Servicios - MGB Interiores","isPartOf":{"@id":"https:\/\/lucid-ritchie.217-71-207-226.plesk.page\/#website"},"primaryImageOfPage":{"@id":"https:\/\/lucid-ritchie.217-71-207-226.plesk.page\/?page_id=19#primaryimage"},"image":{"@id":"https:\/\/lucid-ritchie.217-71-207-226.plesk.page\/?page_id=19#primaryimage"},"thumbnailUrl":"https:\/\/lucid-ritchie.217-71-207-226.plesk.page\/wp-content\/uploads\/2025\/08\/techo_confort.webp","datePublished":"2025-08-24T08:38:45+00:00","dateModified":"2025-08-25T07:49:40+00:00","breadcrumb":{"@id":"https:\/\/lucid-ritchie.217-71-207-226.plesk.page\/?page_id=19#breadcrumb"},"inLanguage":"es","potentialAction":[{"@type":"ReadAction","target":["https:\/\/lucid-ritchie.217-71-207-226.plesk.page\/?page_id=19"]}]},{"@type":"ImageObject","inLanguage":"es","@id":"https:\/\/lucid-ritchie.217-71-207-226.plesk.page\/?page_id=19#primaryimage","url":"https:\/\/lucid-ritchie.217-71-207-226.plesk.page\/wp-content\/uploads\/2025\/08\/techo_confort.webp","contentUrl":"https:\/\/lucid-ritchie.217-71-207-226.plesk.page\/wp-content\/uploads\/2025\/08\/techo_confort.webp","width":600,"height":650},{"@type":"BreadcrumbList","@id":"https:\/\/lucid-ritchie.217-71-207-226.plesk.page\/?page_id=19#breadcrumb","itemListElement":[{"@type":"ListItem","position":1,"name":"Portada","item":"https:\/\/lucid-ritchie.217-71-207-226.plesk.page\/"},{"@type":"ListItem","position":2,"name":"Servicios"}]},{"@type":"WebSite","@id":"https:\/\/lucid-ritchie.217-71-207-226.plesk.page\/#website","url":"https:\/\/lucid-ritchie.217-71-207-226.plesk.page\/","name":"MGB Interiores","description":"Reformas en Aspe (Alicante)","publisher":{"@id":"https:\/\/lucid-ritchie.217-71-207-226.plesk.page\/#organization"},"potentialAction":[{"@type":"SearchAction","target":{"@type":"EntryPoint","urlTemplate":"https:\/\/lucid-ritchie.217-71-207-226.plesk.page\/?s={search_term_string}"},"query-input":{"@type":"PropertyValueSpecification","valueRequired":true,"valueName":"search_term_string"}}],"inLanguage":"es"},{"@type":"Organization","@id":"https:\/\/lucid-ritchie.217-71-207-226.plesk.page\/#organization","name":"MGB Interiores","url":"https:\/\/lucid-ritchie.217-71-207-226.plesk.page\/","logo":{"@type":"ImageObject","inLanguage":"es","@id":"https:\/\/lucid-ritchie.217-71-207-226.plesk.page\/#\/schema\/logo\/image\/","url":"https:\/\/lucid-ritchie.217-71-207-226.plesk.page\/wp-content\/uploads\/2025\/08\/MGB-Interiores.webp","contentUrl":"https:\/\/lucid-ritchie.217-71-207-226.plesk.page\/wp-content\/uploads\/2025\/08\/MGB-Interiores.webp","width":230,"height":95,"caption":"MGB Interiores"},"image":{"@id":"https:\/\/lucid-ritchie.217-71-207-226.plesk.page\/#\/schema\/logo\/image\/"}}]}},"_links":{"self":[{"href":"https:\/\/lucid-ritchie.217-71-207-226.plesk.page\/index.php?rest_route=\/wp\/v2\/pages\/19","targetHints":{"allow":["GET"]}}],"collection":[{"href":"https:\/\/lucid-ritchie.217-71-207-226.plesk.page\/index.php?rest_route=\/wp\/v2\/pages"}],"about":[{"href":"https:\/\/lucid-ritchie.217-71-207-226.plesk.page\/index.php?rest_route=\/wp\/v2\/types\/page"}],"author":[{"embeddable":true,"href":"https:\/\/lucid-ritchie.217-71-207-226.plesk.page\/index.php?rest_route=\/wp\/v2\/users\/1"}],"replies":[{"embeddable":true,"href":"https:\/\/lucid-ritchie.217-71-207-226.plesk.page\/index.php?rest_route=%2Fwp%2Fv2%2Fcomments&post=19"}],"version-history":[{"count":28,"href":"https:\/\/lucid-ritchie.217-71-207-226.plesk.page\/index.php?rest_route=\/wp\/v2\/pages\/19\/revisions"}],"predecessor-version":[{"id":169,"href":"https:\/\/lucid-ritchie.217-71-207-226.plesk.page\/index.php?rest_route=\/wp\/v2\/pages\/19\/revisions\/169"}],"wp:attachment":[{"href":"https:\/\/lucid-ritchie.217-71-207-226.plesk.page\/index.php?rest_route=%2Fwp%2Fv2%2Fmedia&parent=19"}],"curies":[{"name":"wp","href":"https:\/\/api.w.org\/{rel}","templated":true}]}}